{"id":23,"date":"2008-06-24T11:26:34","date_gmt":"2008-06-24T16:26:34","guid":{"rendered":"http:\/\/sites.la.utexas.edu\/persian_online_resources\/?page_id=23"},"modified":"2009-04-20T21:53:55","modified_gmt":"2009-04-21T03:53:55","slug":"new-persian","status":"publish","type":"page","link":"http:\/\/sites.la.utexas.edu\/persian_online_resources\/history-of-the-language\/new-persian\/","title":{"rendered":"New Persian"},"content":{"rendered":"<p>What is known as <strong>New Persian<\/strong> is the result of the development of Old Persian through Middle Persian; although it is not only Middle Persian which has influenced New Persian, for the latter has also been influenced by other Iranian dialects such as Avestan, Parthian, and Sogdian (a north eastern Iranian language), among others.  For instance, although the word for \u2018son\u2019 in New Persian is \u067e\u0633\u0631 <em>pesar,<\/em> which reflects its normal development from the Old Persian <em>pu\u00e7a <\/em>and Middle Persian <em>pus<\/em>, in New Persian (especially in Classical Persian) another word, \u067e\u0648\u0631 <em>p\u016br<\/em>, is also used, which shows a northern influence (&lt; Parthian puhr, Avestan pu\u03b8ra-, etc.).  In Classical Persian the word <em>p\u016br<\/em> is used extensively; in Modern Persian it is used either in poetry, or as a member of a compound names, such as \u0634\u0627\u067e\u0648\u0631 <em>\u0160\u0101p\u016br<\/em>, and last names, such as <em>Mohammad-p\u016br.<\/em> In the Persian epic book, the <strong><em>Sh\u0101hn\u0101me<\/em>,<\/strong> Ferdowsi relates the covering of Sohr\u0101b\u2019s body after his death as follows:<\/p>\n<h5>[tag resources newpersian_01]\u0628\u0640\u0641\u0631\u0645\u0648\u062f \u062a\u0627 \u062f\u064a\u0628\u0640\u0647 \u062e\u0640\u0633\u0631\u0648\u0627\u0646         \u06a9\u0640\u0634\u064a\u062f\u0646\u062f \u0628\u0631 \u0631\u0648\u06cc \u067e\u0648\u0631 \u062c\u0648\u0627\u0646[\/tag]<br \/>\n<em>befarm\u016bd t\u0101 d\u012bbah-e xosrov\u0101n\/ka\u0161\u012bdand bar r\u016b-ye p\u016br-e jav\u0101n<\/em><br \/>\n\u2018He ordered to spread a kingly brocaded silk over the young boy[\u2019s body].\u2019<\/h5>\n<p>In which case, <em>p\u016br<\/em> means \u2018(young) boy, youth,\u2019 and not necessarily \u2018son.\u2019<\/p>\n<p>A study of the word for mountain peak in New Persian, namely <em>\u010da\u03b3\u0101d <\/em>(with \/\u03b3\/ \u201cgh\u201d for \/g\/) shows that it was not derived directly from the Middle Persian <em>\u010dag\u0101d<\/em>, but the \/\u03b3\/ reflects a northern influence.  The same may be said about New Persian <em>pey\u03b3\u0101m<\/em> \u2018message\u2019 for Middle Persian <em>payg\u0101m<\/em>.  Many of these words in New Persian reflect the influence of the Classical Persian, as well.  Since many Iranian dialects, and not only Persian, have contributed to Modern Persian, this language contains a rich lexical treasury.<\/p>\n<p>To this must be added the contribution of the Arabic language (and some other languages, such as Greek, Aramaic, Turkish, etc.). As a result, as far as the vocabulary is concerned, Persian is probably one of the richest languages in the world today.  Very few other languages have such voluminous lexica as the <strong><em>Farhang-e Dehkhod\u0101<\/em><\/strong>, with 18 volumes, and <em><strong>Farhang-e Mo&#8217;\u012bn,<\/strong><\/em> with 6 volumes.  And very few have such a bountiful body of synonyms as[tag resources newpersian_04] \u067e\u0627\u06cc\u06cc\u0632 [\/tag],[tag resources newpersian_03] \u062e\u0632\u0627\u0646 [\/tag],[tag resources newpersian_02] \u0628\u0631\u06af\u0631\u06cc\u0632\u0627\u0646 [\/tag]and[tag resources newpersian_05] \u062e\u0631\u06cc\u0641 [\/tag]\u2018autumn\u2019; or such a usage of different forms and derivatives of the same word borrowed from different dialects.  For instance, let us look at the word <em>mey <\/em>\u2018wine\u2019.  It is from Middle Persian <em>may<\/em> (Avestan <em>ma\u03b4u<\/em>&#8211; \u2018honey,\u2019 Old Iranian <em>m\u00e1dhu <\/em>&#8211; \u2018sweet, honey\u2019; it is cognate with English \u201cmead\u201d).  In New Persian <em>mol<\/em> \u2018wine\u2019 is also used (&lt; Old Iranian <em>m\u1e5bd<\/em> \u2018grapevine\u2019).  In addition, the derivative <em>madhu\u0161<\/em> \u2018unconscious, swooning, dumbfounded\u2019 is also used, in which the \/dh\/ segment shows northern characteristics (for example, Avestan <em>ma\u03b4a<\/em>&#8211; \u2018intoxication,\u2019 Sanskrit <em>madhu<\/em>&#8211; \u2018sweet, honey, a sweet nectar\u2019, etc.).<\/p>\n<p>Generally speaking, as mentioned in the Preface, the development of the New Persian language may be divided into two major and several minor periods.  The two major periods are the periods before and after the Islamic conquest of Iran.  The period before Islam may also be divided into two periods: the OP and the Middle Persian.  It must be understood that during both periods other old and middle Iranian dialects also did exist in other regions within the Iranian world (such as Avestan, in the north-east, and Parthian, in the north).  It also must be understood that by Persian (old, middle, new, etc.) we mean either the primary dialects spoken in the area which is generally known as Persia proper (that is, today\u2019s province of Fars, in south-western Iran), or the official language used by the two Persian empires, the Achaemenians and the Sassanians, especially as the administrative language of these empires.  Therefore, if later on the word Persian is used for dialects other than those spoken in the Persia proper, such as Dari of Afghanistan, and Tajiki, in Tajikestan, it refers to the period after the dominance of the Persian empire over a larger area than the Persia proper, during the reign of the Achaemenians (650 &#8211; 350 B.C.) and the Sassanians (c. 230 &#8211; 650 A.D.), one of whose consequences at each period was to enforce the Persian language as the administrative and official language of the empire.<\/p>\n<p>Under the Achaemenians the empire was very large and extended over an area between the northern borders of China, in the east, and northern Africa and Asia Minor, in the west, covering many lands, as can be seen in the following map:<\/p>\n<p><span class=\"center\"><strong>Map of the Achaemenian Empire<\/strong><\/span><br \/>\n[img persian_online_e1]history_5_1.gif[\/img]<br \/>\nMap: Copyright \u00a9 2001-2006 Iran Chamber Society<\/p>\n<p>Since immediately before the Islamic conquest the official language of Iran was Middle Persian, this language continued to be the language used in Iran even after the Islamicisation of Iran.  That is to say, it was from this language that the New Persian was developed.  It took roughly three hundred years for this new variation of Persian to develop.  New Persian, in turn, may be divided into two periods (regardless of the dialectal variations): Classical Persian and Modern Persian.<\/p>\n<p>A very important problem in dealing with Modern Persian is that of the <strong>Tehrani<\/strong> dialect.  Ever since Tehran became the capital city of Iran, Modern Persian has been influence by the Tehrani dialect, a northern Iranian dialect, with many foreign influences.  Technically, Tehrani is not a \u201cPersian\u201d dialect.  In many regards, it is not a pure dialect whatsoever.  First of all, since the old Tehran expanded and many local villages were assimilated into it, what is called Tehrani today, in addition to the original Tehrani dialect, is in fact an amalgamation of several local dialects, such as those of Var\u0101m\u012bn, Tajr\u012bsh, Shem\u012br\u0101n, Sangelaj, and many more.  To this must be added the influence of Turkish, which is spoken by a very large community that has resided in Tehran for many centuries.  In certain instances this has even caused the Tehrani dialect to lose some of its Iranian characteristics.  One such instance is the case of \u063a <em>\u03b3eyn<\/em>, which has entirely disappeared in Tehrani in favor of \u0642 <em>q\u0101f;<\/em> hence, Tehrani <em>morq<\/em> vs. <em>mor\u03b3<\/em> \u2018bird, chicken\u2019 in other dialects, while \/q\/ is not a Persian phoneme, to begin with.  The palatalization of the plosive velars \/k\/ and \/g\/, especially before e and i, is another one of these mutations.  In other words, in the Tehrani dialect, \/k\/ is pronounced between \/k\/ and \/\u010d\/, and \/g\/ is pronounced very close to \/j\/.  This is not the case in other dialects, such as Mashhadi, Sh\u012brazi, Bakhtiyari, B\u016bshehri, G\u012blaki, Bal\u016bchi, etc.  Since Tehrani now is considered the official language of Iran, an alarming problem is that in modern days these influences upon Tehrani dialect are relayed by the media to other dialects; so much so that, for instance, many dialects have now started to use the Tehrani word <em>v\u0101se<\/em> \u2018for,\u2019 even Persic dialects, such as B\u016bshehri (although it is mostly used by women).<\/p>\n<p>As traditional and conservative as Persian is, the influence of Classical Persian is still evident in its literary realm, especially poetry.  The modern day poet still may use the classical language, syntax, vocabulary, and style in a verse, not only when it is composed in the traditional style, but even in the modern styles of poetry\u2014the so called new verse, free verse, white verse, etc.  The rich vocabulary and syntax of the Persian language allows the poet to use a variety of Persian words and a syntax which, though not necessarily used in modern spoken Persian, through tradition, they are still understood by the modern speaker of Persian very well.<\/p>\n<p>The following passages are chosen from two sources of Classical and Modern Persian:<\/p>\n<p><strong>1: Classical Persian<\/strong><br \/>\nThis passage is from Daq\u0101yiq u\u0161-\u0160i\u201br by Ali ibn Muhammad (c. 8th A.H.), which is a volume on the techniques of verse and rhetorics.  As we can see, Classical Persian is more influenced by Arabic vocabulary than the Modern Persian:<\/p>\n<h5>[tag resources newpersian_06]\u0627\u06cc\u0646 \u0628\u0646\u062f\u0647\u0654 \u0641\u0642\u06cc\u0631 \u0628\u0646\u0627\u0628\u0631 \u0622\u0646 \u06a9\u0647 \u0644\u06a9\u0644\u0651\u06cc \u062c\u062f\u06cc\u062f \u0644\u0630\u0651\u06c3\u060c \u0627\u0632 \u0644\u0637\u0627\u06cc\u0641 \u0627\u0634\u0639\u0627\u0631 \u0627\u0633\u062a\u0627\u062f\u0627\u0646 \u0627\u0644\u062a\u0642\u0627\u0637\u06cc \u06a9\u0631\u062f \u0648 \u0627\u0632 \u062e\u0631\u0645\u0646 \u0627\u06cc\u0634\u0627\u0646 \u062e\u0648\u0634\u0647 \u0628\u0631\u0686\u06cc\u062f\u060c \u0648 \u0622\u0646\u0686\u0647 \u062f\u0631\u06cc\u0646 \u0635\u0646\u0639\u062a \u0627\u0632 \u0622\u0646 \u0686\u0627\u0631\u0647 \u0646\u0628\u0627\u0634\u062f \u0648 \u0633\u062e\u0646 \u0634\u0646\u0627\u0633\u0627\u0646 \u0645\u0627\u0647\u0631 \u0627\u062e\u062a\u06cc\u0627\u0631 \u06a9\u0631\u062f\u0647 \u0627\u0646\u062f \u0627\u0639\u062a\u0628\u0627\u0631 \u06a9\u0631\u062f[\/tag]<\/h5>\n<h5>&#8220;This poor servant (i.e., I) for the reason that there is pleasure in anything new, chose from within the fine specimens of the verses of the masters, and picked bunches from their harvest, and put his confidence in that which is inevitable (i.e., is necessary to learn and use) in this industry (i.e., this art), and (which) dexterous orators (probably here he means poets) have opted for.&#8221;<\/h5>\n<p><strong>2: Modern Persian<\/strong><br \/>\nThe second passage is from Mohammad Este\u201blami\u2019s introduction to his selection of the Mathnawi, titled[tag resources newpersian_07] \u062f\u0631\u0633 \u0645\u062b\u0646\u0648\u06cc [\/tag](roughly \u2018Lessons from the Mathnawi,\u2019 Tehran: Zavvar Publications, 1374\/1995), in which he relates the final moments of Mowl\u0101n\u0101 (that is, Rumi, the composer of the Mathnawi) before his passing:<\/p>\n<h5>[tag resources newpersian_08]\u0622\u062e\u0631\u06cc\u0646 \u0634\u0628 \u0632\u0646\u062f\u06af\u06cc \u0631\u0627\u060c \u0645\u0648\u0644\u0627\u0646\u0627 \u062f\u0631 \u062a\u0628 \u0633\u0648\u0632\u0627\u0646 \u06af\u0630\u0631\u0627\u0646\u062f\u061b \u0627\u0645\u0651\u0627 \u0628\u06cc\u0645 \u0645\u0631\u06af \u062f\u0631 \u0686\u0647\u0631\u0647\u0654 \u0627\u0648 \u0646\u0628\u0648\u062f\u061b \u0632\u06cc\u0631\u0627 \u0645\u0631\u06af \u062c\u0633\u0645\u060c \u0628\u0631\u0627\u06cc \u0627\u0648 \u067e\u06cc\u0648\u0633\u062a\u0646 \u0631\u0648\u062d \u0628\u0647 \u0622\u0632\u0627\u062f\u06cc \u0648 \u062c\u0627\u0648\u062f\u0627\u0646\u06af\u06cc \u0628\u0648\u062f\u2026\u062f\u0631 \u06cc\u06a9 \u0634\u0627\u0645\u06af\u0627\u0647 \u0633\u0631\u062f \u067e\u0627\u06cc\u06cc\u0632\u060c \u062f\u0648 \u0622\u0641\u062a\u0627\u0628 \u062f\u0631 \u0627\u0641\u0642 \u0634\u0647\u0631 \u0642\u0648\u0646\u06cc\u0647 \u0641\u0631\u0648\u0646\u0634\u0633\u062a. \u062c\u0633\u0645 \u062f\u0631\u062f\u0645\u0646\u062f \u0648 \u0633\u0648\u0632\u0627\u0646 \u0645\u0648\u0644\u0627\u0646\u0627 \u0633\u0631\u062f \u0634\u062f\u060c \u0628\u06cc \u0622\u0646\u06a9\u0647 \u0648\u062c\u0648\u062f \u062d\u0642\u06cc\u0642\u06cc \u0627\u0648 \u0631\u0627 \u0628\u0645\u06cc\u0631\u0627\u0646\u062f\u060c \u0648 \u0627\u0645\u0631\u0648\u0632 \u0627\u0648 \u0633\u0631\u0634\u0627\u0631 \u0627\u0632 \u0632\u0646\u062f\u06af\u06cc\u060c \u0645\u0646 \u0648 \u0634\u0645\u0627 \u0631\u0627 \u062f\u0631 \u0627\u06cc\u0646 \u06af\u0641\u062a\u0627\u0631\u0647\u0627 \u0648 \u062f\u0641\u062a\u0631\u0647\u0627 \u0628\u0647 \u0647\u0645 \u067e\u06cc\u0648\u0646\u062f \u0645\u06cc\u062f\u0647\u062f\u060c \u0648 \u0628\u0627 \u0645\u0646 \u0648 \u0634\u0645\u0627 \u062f\u0631 \u06af\u0641\u062a\u06af\u0648\u0633\u062a[\/tag]<\/h5>\n<h5>&#8220;Mowlana spent the last night of his life in a burning fever.  But there was no fear of death reminiscent in his countenance; for, to him, the death of the body meant union of the soul with freedom and perpetuity\u2026In a cold autumn dusk, two suns set in the horizon of the city of Konya.  Mowlana\u2019s aching, burning body became cold, without (really) exterminating his real existence.  Today, overflowing with life, he joins us through these discussions and notes; and he is (still) engaged in a dialogue with you and me.&#8221;<\/h5>\n","protected":false},"excerpt":{"rendered":"<p>What is known as New Persian is the result of the development of Old Persian through Middle Persian; although it is not only Middle Persian which has influenced New Persian, for the latter has also been influenced by other Iranian dialects such as Avestan, Parthian, and Sogdian (a north eastern Iranian language), among others. For [&hellip;]<\/p>\n","protected":false},"author":289,"featured_media":0,"parent":18,"menu_order":4,"comment_status":"closed","ping_status":"closed","template":"","meta":{"footnotes":""},"class_list":["post-23","page","type-page","status-publish","hentry"],"_links":{"self":[{"href":"http:\/\/sites.la.utexas.edu\/persian_online_resources\/wp-json\/wp\/v2\/pages\/23","targetHints":{"allow":["GET"]}}],"collection":[{"href":"http:\/\/sites.la.utexas.edu\/persian_online_resources\/wp-json\/wp\/v2\/pages"}],"about":[{"href":"http:\/\/sites.la.utexas.edu\/persian_online_resources\/wp-json\/wp\/v2\/types\/page"}],"author":[{"embeddable":true,"href":"http:\/\/sites.la.utexas.edu\/persian_online_resources\/wp-json\/wp\/v2\/users\/289"}],"replies":[{"embeddable":true,"href":"http:\/\/sites.la.utexas.edu\/persian_online_resources\/wp-json\/wp\/v2\/comments?post=23"}],"version-history":[{"count":26,"href":"http:\/\/sites.la.utexas.edu\/persian_online_resources\/wp-json\/wp\/v2\/pages\/23\/revisions"}],"predecessor-version":[{"id":3588,"href":"http:\/\/sites.la.utexas.edu\/persian_online_resources\/wp-json\/wp\/v2\/pages\/23\/revisions\/3588"}],"up":[{"embeddable":true,"href":"http:\/\/sites.la.utexas.edu\/persian_online_resources\/wp-json\/wp\/v2\/pages\/18"}],"wp:attachment":[{"href":"http:\/\/sites.la.utexas.edu\/persian_online_resources\/wp-json\/wp\/v2\/media?parent=23"}],"curies":[{"name":"wp","href":"https:\/\/api.w.org\/{rel}","templated":true}]}}