{"id":3961,"date":"2009-05-05T10:22:06","date_gmt":"2009-05-05T16:22:06","guid":{"rendered":"http:\/\/sites.la.utexas.edu\/persian_online_resources\/people-places-and-things\/"},"modified":"2009-05-12T10:19:06","modified_gmt":"2009-05-12T16:19:06","slug":"people-places-and-things","status":"publish","type":"page","link":"http:\/\/sites.la.utexas.edu\/persian_online_resources\/vocabulary-lists\/people-places-and-things\/","title":{"rendered":"Introducing Yourself List"},"content":{"rendered":"<p>Click play to hear a list of all the words on this page in a sequence. Listen, follow along with the Persian, try to pronounce them, and memorize them.<br \/>\n<script src=\"\/\/cdn.la.utexas.edu\/jwplayer\/jwplayer-7.10.1\/jwplayer.js\" ><\/script><script>jwplayer.key=\"axpMLPIjkQ+YPUQnxi1VcSuBHeVYrqIgAyJl6hhEY5k=\";<\/script><div id=\"audio\">Loading the player...<\/div><script type=\"text\/javascript\">  var playerInstance = jwplayer(\"audio\");  playerInstance.setup({    file: \"\/wp-content\/themes\/persian_online_e1\/sounds\/introductions.mp3\",    width: 640,    height: 40  });<\/script><\/p>\n<table class=\"border\" border=\"0\" cellpadding=\"15\" width=\"450\">\n<h3>\u0645\u0639\u0631\u0641\u06cc \u06a9\u0631\u062f\u0646<\/h3>\n<tbody>\n<tr>\n<td>I am John.<\/td>\n<td><em>man j\u0101n hastam <\/em><\/td>\n<td bgcolor=\"#dfffe7\">\n<h4>\u0645\u0646 \u062c\u0627\u0646 \u0647\u0633\u062a\u0645<\/h4>\n<\/td>\n<\/tr>\n<tr>\n<td>My name is John.<\/td>\n<td><em>esm-e man j\u0101n ast. <\/em><\/td>\n<td bgcolor=\"#dfffe7\">\n<h4>\u0627\u0633\u0645 \u0645\u0646 \u062c\u0627\u0646 \u0627\u0633\u062a<\/h4>\n<\/td>\n<\/tr>\n<tr>\n<td>What is your name? (formal)<\/td>\n<td><em>esm-e shom\u0101 ch\u012bst? <\/em><\/td>\n<td bgcolor=\"#dfffe7\">\n<h4>\u0627\u0633\u0645 \u0634\u0645\u0627 \u0686\u06cc\u0633\u062a\u061f<\/h4>\n<\/td>\n<\/tr>\n<tr>\n<td>What is your name? (colloquial)<\/td>\n<td><em>esm-e shom\u0101 ch\u012bye?<\/em><\/td>\n<td bgcolor=\"#dfffe7\">\n<h4>\u0627\u0633\u0645 \u0634\u0645\u0627 \u0686\u06cc\u0647\u061f<\/h4>\n<\/td>\n<\/tr>\n<tr>\n<td>Pleased to meet you.<\/td>\n<td><em>khoshvaqtam<\/em><\/td>\n<td bgcolor=\"#dfffe7\">\n<h4>\u062e\u0648\u0634\u0648\u0642\u062a\u0645<\/h4>\n<\/td>\n<\/tr>\n<tr>\n<td>How old are you?<\/td>\n<td><em>chand s\u0101letone? <\/em><\/td>\n<td bgcolor=\"#dfffe7\">\n<h4>\u0686\u0646\u062f \u0633\u0627\u0644\u062a\u0648\u0646\u0647\u061f<\/h4>\n<\/td>\n<\/tr>\n<tr>\n<td>Where do you live?<\/td>\n<td><em> koj\u0101 zendeg\u012b m\u012bkon\u012bd? <\/em><\/td>\n<td bgcolor=\"#dfffe7\">\n<h4>\u06a9\u062c\u0627 \u0632\u0646\u062f\u06af\u06cc \u0645\u06cc \u06a9\u0646\u06cc\u062f\u061f<\/h4>\n<\/td>\n<\/tr>\n<tr>\n<td>Where do you go to school?<\/td>\n<td><em> koj\u0101 dars m\u012bkon\u012bd? <\/em><\/td>\n<td bgcolor=\"#dfffe7\">\n<h4>\u06a9\u062c\u0627 \u062f\u0631\u0633 \u0645\u06cc \u062e\u0648\u0627\u0646\u06cc\u062f\u061f<\/h4>\n<\/td>\n<\/tr>\n<tr>\n<td>What do you do for a living?<\/td>\n<td><em> che k\u0101r m\u012bkon\u012bd? sho\u03b3let\u0101n ch\u012bst? <\/em><\/td>\n<td bgcolor=\"#dfffe7\">\n<h4>\u0686\u0647 \u06a9\u0627\u0631 \u0645\u06cc \u06a9\u0646\u06cc\u062f\u061f \u0634\u063a\u0644\u062a\u0627\u0646 \u0686\u06cc\u0633\u062a\u061f<\/h4>\n<\/td>\n<\/tr>\n<tr><\/tr>\n<tr>\n<td>college student<\/td>\n<td><em>d\u0101neshjo<\/em><\/td>\n<td bgcolor=\"#dfffe7\">\n<h4>\u062f\u0627\u0646\u0634\u062c\u0648<\/h4>\n<\/td>\n<\/tr>\n<tr>\n<td>professor<\/td>\n<td><em>ost\u0101d <\/em><\/td>\n<td bgcolor=\"#dfffe7\">\n<h4>\u0627\u0633\u062a\u0627\u062f<\/h4>\n<\/td>\n<\/tr>\n<tr>\n<td>teacher<\/td>\n<td><em>moalem<\/em><\/td>\n<td bgcolor=\"#dfffe7\">\n<h4>\u0645\u0639\u0644\u0645<\/h4>\n<\/td>\n<\/tr>\n<tr>\n<td>doctor<\/td>\n<td><em>doktor<\/em><\/td>\n<td bgcolor=\"#dfffe7\">\n<h4>\u062f\u06a9\u062a\u0631<\/h4>\n<\/td>\n<\/tr>\n<tr>\n<td>engineer<\/td>\n<td><em>mohandes<\/em><\/td>\n<td bgcolor=\"#dfffe7\">\n<h4>\u0645\u0647\u0646\u062f\u0633<\/h4>\n<\/td>\n<\/tr>\n<tr>\n<td>dentist<\/td>\n<td><em>dand\u0101npezeshk<\/em><\/td>\n<td bgcolor=\"#dfffe7\">\n<h4>\u062f\u0646\u062f\u0627\u0646\u067e\u0632\u0634\u06a9<\/h4>\n<\/td>\n<\/tr>\n<tr>\n<td>journalist<\/td>\n<td><em>rozn\u0101me neg\u0101r<\/em><\/td>\n<td bgcolor=\"#dfffe7\">\n<h4>\u0631\u0648\u0632\u0646\u0627\u0645\u0647 \u0646\u06af\u0627\u0631<\/h4>\n<\/td>\n<\/tr>\n<tr>\n<td>pre-college student<\/td>\n<td><em>d\u0101nesh \u0101moz<\/em><\/td>\n<td bgcolor=\"#dfffe7\">\n<h4>\u062f\u0627\u0646\u0634 \u0622\u0645\u0648\u0632<\/h4>\n<\/td>\n<\/tr>\n<tr>\n<td>architect<\/td>\n<td><em>mem\u0101r\/\u0101rsh\u012btekt<\/em><\/td>\n<td bgcolor=\"#dfffe7\">\n<h4>\u0645\u0639\u0645\u0627\u0631\/\u0622\u0631\u0634\u06cc\u062a\u06a9\u062a<\/h4>\n<\/td>\n<\/tr>\n<tr>\n<td>lawyer<\/td>\n<td><em>vak\u012bl<\/em><\/td>\n<td bgcolor=\"#dfffe7\">\n<h4>\u0648\u06a9\u06cc\u0644<\/h4>\n<\/td>\n<\/tr>\n<tr>\n<td>nurse<\/td>\n<td><em>parastar<\/em><\/td>\n<td bgcolor=\"#dfffe7\">\n<h4>\u067e\u0631\u0633\u062a\u0627\u0631<\/h4>\n<\/td>\n<\/tr>\n<tr>\n<td>to live<\/td>\n<td><em>zendeg\u012b kardan<\/em><\/td>\n<td bgcolor=\"#dfffe7\">\n<h4>\u0632\u0646\u062f\u06af\u06cc \u06a9\u0631\u062f\u0646<\/h4>\n<\/td>\n<\/tr>\n<tr>\n<td>to introduce<\/td>\n<td><em>moaref\u012b kardan<\/em><\/td>\n<td bgcolor=\"#dfffe7\">\n<h4>\u0645\u0639\u0631\u0641\u06cc \u06a9\u0631\u062f\u0646<\/h4>\n<\/td>\n<\/tr>\n<tr>\n<td>to count<\/td>\n<td><em>shomordan<\/em><\/td>\n<td bgcolor=\"#dfffe7\">\n<h4>\u0634\u0645\u0631\u062f\u0646<\/h4>\n<\/td>\n<\/tr>\n<\/tbody>\n<\/table>\n<p>[img persian_online_e1 frame]greetings1.jpg[\/img]<\/p>\n","protected":false},"excerpt":{"rendered":"<p>Click play to hear a list of all the words on this page in a sequence. Listen, follow along with the Persian, try to pronounce them, and memorize them. \u0645\u0639\u0631\u0641\u06cc \u06a9\u0631\u062f\u0646 I am John. man j\u0101n hastam \u0645\u0646 \u062c\u0627\u0646 \u0647\u0633\u062a\u0645 My name is John. esm-e man j\u0101n ast. \u0627\u0633\u0645 \u0645\u0646 \u062c\u0627\u0646 \u0627\u0633\u062a What is your [&hellip;]<\/p>\n","protected":false},"author":289,"featured_media":0,"parent":3931,"menu_order":2,"comment_status":"closed","ping_status":"closed","template":"","meta":{"footnotes":""},"class_list":["post-3961","page","type-page","status-publish","hentry"],"_links":{"self":[{"href":"http:\/\/sites.la.utexas.edu\/persian_online_resources\/wp-json\/wp\/v2\/pages\/3961","targetHints":{"allow":["GET"]}}],"collection":[{"href":"http:\/\/sites.la.utexas.edu\/persian_online_resources\/wp-json\/wp\/v2\/pages"}],"about":[{"href":"http:\/\/sites.la.utexas.edu\/persian_online_resources\/wp-json\/wp\/v2\/types\/page"}],"author":[{"embeddable":true,"href":"http:\/\/sites.la.utexas.edu\/persian_online_resources\/wp-json\/wp\/v2\/users\/289"}],"replies":[{"embeddable":true,"href":"http:\/\/sites.la.utexas.edu\/persian_online_resources\/wp-json\/wp\/v2\/comments?post=3961"}],"version-history":[{"count":9,"href":"http:\/\/sites.la.utexas.edu\/persian_online_resources\/wp-json\/wp\/v2\/pages\/3961\/revisions"}],"predecessor-version":[{"id":4377,"href":"http:\/\/sites.la.utexas.edu\/persian_online_resources\/wp-json\/wp\/v2\/pages\/3961\/revisions\/4377"}],"up":[{"embeddable":true,"href":"http:\/\/sites.la.utexas.edu\/persian_online_resources\/wp-json\/wp\/v2\/pages\/3931"}],"wp:attachment":[{"href":"http:\/\/sites.la.utexas.edu\/persian_online_resources\/wp-json\/wp\/v2\/media?parent=3961"}],"curies":[{"name":"wp","href":"https:\/\/api.w.org\/{rel}","templated":true}]}}