{"id":3971,"date":"2009-05-05T10:39:16","date_gmt":"2009-05-05T16:39:16","guid":{"rendered":"http:\/\/sites.la.utexas.edu\/persian_online_resources\/vocabularly-lists\/pastimes\/"},"modified":"2011-11-07T14:48:39","modified_gmt":"2011-11-07T20:48:39","slug":"pastimes","status":"publish","type":"page","link":"http:\/\/sites.la.utexas.edu\/persian_online_resources\/vocabulary-lists\/pastimes\/","title":{"rendered":"Pastimes List"},"content":{"rendered":"<p>Click play to hear a list of all the words on this page in a sequence. Listen, follow along with the Persian, try to pronounce them, and memorize them.<\/p>\n<script src=\"\/\/cdn.la.utexas.edu\/jwplayer\/jwplayer-7.10.1\/jwplayer.js\" ><\/script><script>jwplayer.key=\"axpMLPIjkQ+YPUQnxi1VcSuBHeVYrqIgAyJl6hhEY5k=\";<\/script><div id=\"audio\">Loading the player...<\/div><script type=\"text\/javascript\">  var playerInstance = jwplayer(\"audio\");  playerInstance.setup({    file: \"\/wp-content\/themes\/persian_online_resources\/sounds\/past_times.mp3\",    width: 640,    height: 40  });<\/script>\n<h3><span class=\"persian_script\">\u0633\u0631\u06af\u0631\u0645\u06cc <\/span><\/h3>\n<table class=\"border\" border=\"0\" cellpadding=\"15\" width=\"450\">\n<tbody>\n<tr>\n<td>to listen<\/td>\n<td><em> gosh d\u0101dan<\/em><\/td>\n<td bgcolor=\"#dfffe7\">\n<h4>\u06af\u0648\u0634 \u062f\u0627\u062f\u0646<\/h4>\n<\/td>\n<\/tr>\n<tr>\n<td>music<\/td>\n<td><em> m\u016bz\u012bk<\/em><\/td>\n<td bgcolor=\"#dfffe7\">\n<h4>\u0645\u0648\u0632\u06cc\u06a9<\/h4>\n<\/td>\n<\/tr>\n<tr>\n<td>to sing<\/td>\n<td><em> \u0101v\u0101z kh\u0101dan <\/em><\/td>\n<td bgcolor=\"#dfffe7\">\n<h4>\u0622\u0648\u0627\u0632 \u062e\u0648\u0627\u0646\u062f\u0646<\/h4>\n<\/td>\n<\/tr>\n<tr>\n<td>to dance<\/td>\n<td><em>raqs\u012bdan<\/em><\/td>\n<td bgcolor=\"#dfffe7\">\n<h4>\u0631\u0642\u0635\u06cc\u062f\u0646<\/h4>\n<\/td>\n<\/tr>\n<tr>\n<td>to read<\/td>\n<td><em>kh\u0101ndan\/motale\u2019 kardan<\/em><\/td>\n<td bgcolor=\"#dfffe7\">\n<h4>\u062e\u0648\u0627\u0646\u062f\u0646\/\u0645\u0637\u0627\u0644\u0639\u0647 \u06a9\u0631\u062f\u0646<\/h4>\n<\/td>\n<\/tr>\n<tr>\n<td>to study<\/td>\n<td><em>dars kh\u0101ndan<\/em><\/td>\n<td bgcolor=\"#dfffe7\">\n<h4>\u062f\u0631\u0633 \u062e\u0648\u0627\u0646\u062f\u0646<\/h4>\n<\/td>\n<\/tr>\n<tr>\n<td>to stay at home<\/td>\n<td><em>dar khane m\u0101ndan<\/em><\/td>\n<td bgcolor=\"#dfffe7\">\n<h4>\u062f\u0631 \u062e\u0627\u0646\u0647 \u0645\u0627\u0646\u062f\u0646<\/h4>\n<\/td>\n<\/tr>\n<tr>\n<td>to like<\/td>\n<td><em> d\u016bst d\u0101shtan <\/em><\/td>\n<td bgcolor=\"#dfffe7\">\n<h4>\u062f\u0648\u0633\u062a \u062f\u0627\u0634\u062a\u0646<\/h4>\n<\/td>\n<\/tr>\n<tr>\n<td>to watch television<\/td>\n<td><em>telev\u012bzyon tam\u0101sh\u0101 kardan <\/em><\/td>\n<td bgcolor=\"#dfffe7\">\n<h4>\u062a\u0644\u0648\u06cc\u0632\u06cc\u0648\u0646 \u062a\u0645\u0627\u0634\u0627 \u06a9\u0631\u062f\u0646<\/h4>\n<\/td>\n<\/tr>\n<tr>\n<td>to telephone<\/td>\n<td><em>telefon zadan\/ telefon kardan <\/em><\/td>\n<td bgcolor=\"#dfffe7\">\n<h4>\u062a\u0644\u0641\u0646 \u0632\u062f\u0646\/ \u062a\u0644\u0641\u0646 \u06a9\u0631\u062f\u0646<\/h4>\n<\/td>\n<\/tr>\n<tr>\n<td>to speak<\/td>\n<td><em> sohbat kardan\/ harf zadan <\/em><\/td>\n<td bgcolor=\"#dfffe7\">\n<h4>\u0635\u062d\u0628\u062a \u06a9\u0631\u062f\u0646\/ \u062d\u0631\u0641 \u0632\u062f\u0646<\/h4>\n<\/td>\n<\/tr>\n<tr>\n<td>to play sports<\/td>\n<td><em> varzesh kardan <\/em><\/td>\n<td bgcolor=\"#dfffe7\">\n<h4>\u0648\u0631\u0632\u0634 \u06a9\u0631\u062f\u0646<\/h4>\n<\/td>\n<\/tr>\n<tr>\n<td>tennis<\/td>\n<td><em> ten\u012bs <\/em><\/td>\n<td bgcolor=\"#dfffe7\">\n<h4>\u062a\u0646\u06cc\u0633<\/h4>\n<\/td>\n<\/tr>\n<tr>\n<td>soccer<\/td>\n<td><em> fotb\u0101l <\/em><\/td>\n<td bgcolor=\"#dfffe7\">\n<h4>\u0641\u0648\u062a\u0628\u0627\u0644<\/h4>\n<\/td>\n<\/tr>\n<tr>\n<td>basketball<\/td>\n<td><em>basketb\u0101l<\/em><\/td>\n<td bgcolor=\"#dfffe7\">\n<h4>\u0628\u0633\u06a9\u062a\u0628\u0627\u0644<\/h4>\n<\/td>\n<\/tr>\n<tr>\n<td>volleyball<\/td>\n<td><em>v\u0101l\u012bb\u0101l<\/em><\/td>\n<td bgcolor=\"#dfffe7\">\n<h4>\u0648\u0627\u0644\u06cc\u0628\u0627\u0644<\/h4>\n<\/td>\n<\/tr>\n<tr>\n<td>to play the guitar<\/td>\n<td><em> g\u012bt\u0101r zadan <\/em><\/td>\n<td bgcolor=\"#dfffe7\">\n<h4>\u06af\u06cc\u062a\u0627\u0631 \u0632\u062f\u0646<\/h4>\n<\/td>\n<\/tr>\n<tr>\n<td>piano<\/td>\n<td><em>p\u012by\u0101no <\/em><\/td>\n<td bgcolor=\"#dfffe7\">\n<h4>\u067e\u06cc\u0627\u0646\u0648<\/h4>\n<\/td>\n<\/tr>\n<tr>\n<td>violin<\/td>\n<td><em>v\u012byolon <\/em><\/td>\n<td bgcolor=\"#dfffe7\">\n<h4>\u0648\u06cc\u0648\u0644\u064f\u0646<\/h4>\n<\/td>\n<\/tr>\n<tr>\n<td>dulcimer<\/td>\n<td><em> sant\u016br<\/em><\/td>\n<td bgcolor=\"#dfffe7\">\n<h4>\u0633\u0646\u062a\u0648\u0631<\/h4>\n<\/td>\n<\/tr>\n<tr>\n<td>to swim<\/td>\n<td><em> shen\u0101 kardan<\/em><\/td>\n<td bgcolor=\"#dfffe7\">\n<h4>\u0634\u0646\u0627 \u06a9\u0631\u062f\u0646<\/h4>\n<\/td>\n<\/tr>\n<tr>\n<td>to work<\/td>\n<td><em>k\u0101r kardan <\/em><\/td>\n<td bgcolor=\"#dfffe7\">\n<h4>\u06a9\u0627\u0631 \u06a9\u0631\u062f\u0646<\/h4>\n<\/td>\n<\/tr>\n<tr>\n<td>to travel<\/td>\n<td><em> safar kardan\/ mos\u0101ferat kardan<\/em><\/td>\n<td bgcolor=\"#dfffe7\">\n<h4>\u0633\u0641\u0631\u06a9\u0631\u062f\u0646\/ \u0645\u0633\u0627\u0641\u0631\u062a \u06a9\u0631\u062f\u0646<\/h4>\n<\/td>\n<\/tr>\n<tr>\n<td>walking<\/td>\n<td><em> p\u012by\u0101derav\u012b<\/em><\/td>\n<td bgcolor=\"#dfffe7\">\n<h4>\u067e\u06cc\u0627\u062f\u0647 \u0631\u0648\u06cc<\/h4>\n<\/td>\n<\/tr>\n<tr>\n<td>boating<\/td>\n<td><em> q\u0101yeqr\u0101n\u012b<\/em><\/td>\n<td bgcolor=\"#dfffe7\">\n<h4>\u0642\u0627\u06cc\u0642 \u0631\u0627\u0646\u06cc<\/h4>\n<\/td>\n<\/tr>\n<tr>\n<td>gardening<\/td>\n<td><em>b\u0101qb\u0101n\u012b <\/em><\/td>\n<td bgcolor=\"#dfffe7\">\n<h4>\u0628\u0627\u063a\u0628\u0627\u0646\u06cc<\/h4>\n<\/td>\n<\/tr>\n<tr>\n<td>to introduce<\/td>\n<td><em>moaref\u012b kardan <\/em><\/td>\n<td bgcolor=\"#dfffe7\">\n<h4>\u0645\u0639\u0631\u0641\u06cc \u06a9\u0631\u062f\u0646<\/h4>\n<\/td>\n<\/tr>\n<\/tbody>\n<\/table>\n","protected":false},"excerpt":{"rendered":"<p>Click play to hear a list of all the words on this page in a sequence. Listen, follow along with the Persian, try to pronounce them, and memorize them. \u0633\u0631\u06af\u0631\u0645\u06cc to listen gosh d\u0101dan \u06af\u0648\u0634 \u062f\u0627\u062f\u0646 music m\u016bz\u012bk \u0645\u0648\u0632\u06cc\u06a9 to sing \u0101v\u0101z kh\u0101dan \u0622\u0648\u0627\u0632 \u062e\u0648\u0627\u0646\u062f\u0646 to dance raqs\u012bdan \u0631\u0642\u0635\u06cc\u062f\u0646 to read kh\u0101ndan\/motale\u2019 kardan \u062e\u0648\u0627\u0646\u062f\u0646\/\u0645\u0637\u0627\u0644\u0639\u0647 \u06a9\u0631\u062f\u0646 [&hellip;]<\/p>\n","protected":false},"author":289,"featured_media":0,"parent":3931,"menu_order":8,"comment_status":"closed","ping_status":"closed","template":"","meta":{"footnotes":""},"class_list":["post-3971","page","type-page","status-publish","hentry"],"_links":{"self":[{"href":"http:\/\/sites.la.utexas.edu\/persian_online_resources\/wp-json\/wp\/v2\/pages\/3971","targetHints":{"allow":["GET"]}}],"collection":[{"href":"http:\/\/sites.la.utexas.edu\/persian_online_resources\/wp-json\/wp\/v2\/pages"}],"about":[{"href":"http:\/\/sites.la.utexas.edu\/persian_online_resources\/wp-json\/wp\/v2\/types\/page"}],"author":[{"embeddable":true,"href":"http:\/\/sites.la.utexas.edu\/persian_online_resources\/wp-json\/wp\/v2\/users\/289"}],"replies":[{"embeddable":true,"href":"http:\/\/sites.la.utexas.edu\/persian_online_resources\/wp-json\/wp\/v2\/comments?post=3971"}],"version-history":[{"count":8,"href":"http:\/\/sites.la.utexas.edu\/persian_online_resources\/wp-json\/wp\/v2\/pages\/3971\/revisions"}],"predecessor-version":[{"id":4499,"href":"http:\/\/sites.la.utexas.edu\/persian_online_resources\/wp-json\/wp\/v2\/pages\/3971\/revisions\/4499"}],"up":[{"embeddable":true,"href":"http:\/\/sites.la.utexas.edu\/persian_online_resources\/wp-json\/wp\/v2\/pages\/3931"}],"wp:attachment":[{"href":"http:\/\/sites.la.utexas.edu\/persian_online_resources\/wp-json\/wp\/v2\/media?parent=3971"}],"curies":[{"name":"wp","href":"https:\/\/api.w.org\/{rel}","templated":true}]}}