{"id":3979,"date":"2009-05-05T12:31:48","date_gmt":"2009-05-05T18:31:48","guid":{"rendered":"http:\/\/sites.la.utexas.edu\/persian_online_resources\/vocabularly-lists\/ethnicities-languages\/"},"modified":"2009-05-12T09:56:14","modified_gmt":"2009-05-12T15:56:14","slug":"ethnicities-languages","status":"publish","type":"page","link":"http:\/\/sites.la.utexas.edu\/persian_online_resources\/vocabulary-lists\/ethnicities-languages\/","title":{"rendered":"Nationalities &amp; Languages List"},"content":{"rendered":"<p>Click play to hear a list of all the words on this page in a sequence. Listen, follow along with the Persian, try to pronounce them, and memorize them.<\/p>\n<script src=\"\/\/cdn.la.utexas.edu\/jwplayer\/jwplayer-7.10.1\/jwplayer.js\" ><\/script><script>jwplayer.key=\"axpMLPIjkQ+YPUQnxi1VcSuBHeVYrqIgAyJl6hhEY5k=\";<\/script><div id=\"audio\">Loading the player...<\/div><script type=\"text\/javascript\">  var playerInstance = jwplayer(\"audio\");  playerInstance.setup({    file: \"\/wp-content\/themes\/persian_online_e1\/sounds\/nationalities_and_languages.mp3\",    width: 640,    height: 40  });<\/script>\n<table class=\"border\" border=\"0\" cellpadding=\"15\" width=\"450\">\n<h3>\u0645\u0644\u06cc\u0651\u062a \u0647\u0627 \u0648 \u0632\u0628\u0627\u0646 \u0647\u0627 <\/h3>\n<tbody>\n<tr>\n<td>Where are you from?<\/td>\n<td><em>ahl-e koj\u0101\u012bd?<\/em><\/td>\n<td bgcolor=\"#dfffe7\">\n<h4>\u0627\u0647\u0644 \u06a9\u062c\u0627\u06cc\u06cc\u062f\u061f\/\u06a9\u062c\u0627\u06cc\u06cc \u0647\u0633\u062a\u06cc\u062f\u061f<\/h4>\n<\/td>\n<\/tr>\n<tr>\n<td>What is the French people&#8217;s language?<\/td>\n<td><em> zab\u0101n-e mardom-e far\u0101nse ch\u012bst? <\/em><\/td>\n<td bgcolor=\"#dfffe7\">\n<h4>\u0632\u0628\u0627\u0646 \u0645\u0631\u062f\u0645 \u0641\u0631\u0627\u0646\u0633\u0647 \u0686\u06cc\u0633\u062a\u061f<\/h4>\n<\/td>\n<\/tr>\n<tr>\n<td>French<\/td>\n<td><em> far\u0101nsav\u012b<\/em><\/td>\n<td bgcolor=\"#dfffe7\">\n<h4>\u0641\u0631\u0627\u0646\u0633\u0648\u06cc<\/h4>\n<\/td>\n<\/tr>\n<tr>\n<td>Iranian<br \/>\nFarsi<\/td>\n<td><em> \u012br\u0101n\u012b<br \/>\nf\u0101rs\u012b <\/em><\/td>\n<td bgcolor=\"#dfffe7\">\n<h4>\u0627\u06cc\u0631\u0627\u0646\u06cc (\u0632\u0628\u0627\u0646 ) \u0641\u0627\u0631\u0633\u06cc<\/h4>\n<\/td>\n<\/tr>\n<tr>\n<td>American<br \/>\n(American) English<\/td>\n<td><em> \u0101mr\u012bk\u0101\u012b<br \/>\nengl\u012bs\u012b<\/em><\/td>\n<td bgcolor=\"#dfffe7\">\n<h4>\u0622\u0645\u0631\u06cc\u06a9\u0627\u06cc\u06cc \u0632\u0628\u0627\u0646) \u0627\u0646\u06af\u0644\u06cc\u0633\u06cc)<\/h4>\n<\/td>\n<\/tr>\n<tr>\n<td>Italian<\/td>\n<td><em> \u012bt\u0101l\u012by\u0101\u012b <\/em><\/td>\n<td bgcolor=\"#dfffe7\">\n<h4>\u0627\u06cc\u062a\u0627\u0644\u06cc\u0627\u06cc\u06cc<\/h4>\n<\/td>\n<\/tr>\n<tr>\n<td>German<\/td>\n<td><em> \u0101lm\u0101n\u012b <\/em><\/td>\n<td bgcolor=\"#dfffe7\">\n<h4>\u0622\u0644\u0645\u0627\u0646\u06cc<\/h4>\n<\/td>\n<\/tr>\n<tr>\n<td>British\/English<\/td>\n<td><em> engl\u012bs\u012b <\/em><\/td>\n<td bgcolor=\"#dfffe7\">\n<h4>\u0627\u0646\u06af\u0644\u06cc\u0633\u06cc<\/h4>\n<\/td>\n<\/tr>\n<tr>\n<td>Spanish<\/td>\n<td><em> esp\u0101n\u012bya\u012b\/esp\u0101nyol\u012b<\/em><\/td>\n<td bgcolor=\"#dfffe7\">\n<h4>\u0627\u0633\u067e\u0627\u0646\u06cc\u0627\u06cc\u06cc\/\u0627\u0633\u067e\u0627\u0646\u06cc\u0648\u0644\u06cc<\/h4>\n<\/td>\n<\/tr>\n<tr>\n<td>Japanese<\/td>\n<td><em> zh\u0101pon\u012b<\/em><\/td>\n<td bgcolor=\"#dfffe7\">\n<h4>\u0698\u0627\u067e\u0646\u06cc<\/h4>\n<\/td>\n<\/tr>\n<tr>\n<td>Arab<br \/>\nArabic<\/td>\n<td><em>arab<br \/>\narab\u012b<\/em><\/td>\n<td bgcolor=\"#dfffe7\">\n<h4>\u0639\u0631\u0628 (\u0632\u0628\u0627\u0646) \u0639\u0631\u0628\u06cc<\/h4>\n<\/td>\n<\/tr>\n<tr>\n<td>Indian<\/td>\n<td><em> hend\u012b<\/em><\/td>\n<td bgcolor=\"#dfffe7\">\n<h4>\u0647\u0646\u062f\u06cc<\/h4>\n<\/td>\n<\/tr>\n<tr>\n<td>Turkish<\/td>\n<td><em> tork<br \/>\ntork\u012b<\/em><\/td>\n<td bgcolor=\"#dfffe7\">\n<h4>\u062a\u0631\u06a9 (\u0632\u0628\u0627\u0646) \u062a\u0631\u06a9\u06cc<\/h4>\n<\/td>\n<\/tr>\n<tr>\n<td>Egyptian<br \/>\nArabic<\/td>\n<td><em> mesr\u012b<br \/>\narab\u012b<\/em><\/td>\n<td bgcolor=\"#dfffe7\">\n<h4>\u0645\u0635\u0631\u06cc (\u0632\u0628\u0627\u0646) \u0639\u0631\u0628\u06cc<\/h4>\n<\/td>\n<\/tr>\n<tr>\n<td>Chinese<\/td>\n<td><em> ch\u012bn\u012b<\/em><\/td>\n<td bgcolor=\"#dfffe7\">\n<h4>\u0686\u06cc\u0646\u06cc<\/h4>\n<\/td>\n<\/tr>\n<tr>\n<td>Pakistani<br \/>\nUrdu<\/td>\n<td><em>p\u0101kest\u0101n\u012b<br \/>\nord\u016b<\/em><\/td>\n<td bgcolor=\"#dfffe7\">\n<h4>\u067e\u0627\u06a9\u0633\u062a\u0627\u0646\u06cc (\u0632\u0628\u0627\u0646) \u0627\u0631\u062f\u0648<\/h4>\n<\/td>\n<\/tr>\n<tr>\n<td>Afghan<\/td>\n<td><em>afgh\u0101n\u012b<br \/>\ndar\u012b<\/em><\/td>\n<td bgcolor=\"#dfffe7\">\n<h4>\u0627\u0641\u063a\u0627\u0646\u06cc (\u0632\u0628\u0627\u0646)\u062f\u0631\u06cc<\/h4>\n<\/td>\n<\/tr>\n<tr>\n<td>Tajik<\/td>\n<td><em>t\u0101j\u012bk<br \/>\nt\u0101j\u012bk\u012b<\/em><\/td>\n<td bgcolor=\"#dfffe7\">\n<h4>\u062a\u0627\u062c\u06cc\u06a9 (\u0632\u0628\u0627\u0646) \u062a\u0627\u062c\u06cc\u06a9\u06cc<\/h4>\n<\/td>\n<\/tr>\n<tr>\n<td>Russian<\/td>\n<td><em> r\u016bs\u012b <\/em><\/td>\n<td bgcolor=\"#dfffe7\">\n<h4>\u0631\u0648\u0633\u06cc<\/h4>\n<\/td>\n<\/tr>\n<\/tbody>\n<\/table>\n","protected":false},"excerpt":{"rendered":"<p>Click play to hear a list of all the words on this page in a sequence. Listen, follow along with the Persian, try to pronounce them, and memorize them. \u0645\u0644\u06cc\u0651\u062a \u0647\u0627 \u0648 \u0632\u0628\u0627\u0646 \u0647\u0627 Where are you from? ahl-e koj\u0101\u012bd? \u0627\u0647\u0644 \u06a9\u062c\u0627\u06cc\u06cc\u062f\u061f\/\u06a9\u062c\u0627\u06cc\u06cc \u0647\u0633\u062a\u06cc\u062f\u061f What is the French people&#8217;s language? zab\u0101n-e mardom-e far\u0101nse ch\u012bst? \u0632\u0628\u0627\u0646 \u0645\u0631\u062f\u0645 [&hellip;]<\/p>\n","protected":false},"author":289,"featured_media":0,"parent":3931,"menu_order":11,"comment_status":"closed","ping_status":"closed","template":"","meta":{"footnotes":""},"class_list":["post-3979","page","type-page","status-publish","hentry"],"_links":{"self":[{"href":"http:\/\/sites.la.utexas.edu\/persian_online_resources\/wp-json\/wp\/v2\/pages\/3979","targetHints":{"allow":["GET"]}}],"collection":[{"href":"http:\/\/sites.la.utexas.edu\/persian_online_resources\/wp-json\/wp\/v2\/pages"}],"about":[{"href":"http:\/\/sites.la.utexas.edu\/persian_online_resources\/wp-json\/wp\/v2\/types\/page"}],"author":[{"embeddable":true,"href":"http:\/\/sites.la.utexas.edu\/persian_online_resources\/wp-json\/wp\/v2\/users\/289"}],"replies":[{"embeddable":true,"href":"http:\/\/sites.la.utexas.edu\/persian_online_resources\/wp-json\/wp\/v2\/comments?post=3979"}],"version-history":[{"count":7,"href":"http:\/\/sites.la.utexas.edu\/persian_online_resources\/wp-json\/wp\/v2\/pages\/3979\/revisions"}],"predecessor-version":[{"id":4348,"href":"http:\/\/sites.la.utexas.edu\/persian_online_resources\/wp-json\/wp\/v2\/pages\/3979\/revisions\/4348"}],"up":[{"embeddable":true,"href":"http:\/\/sites.la.utexas.edu\/persian_online_resources\/wp-json\/wp\/v2\/pages\/3931"}],"wp:attachment":[{"href":"http:\/\/sites.la.utexas.edu\/persian_online_resources\/wp-json\/wp\/v2\/media?parent=3979"}],"curies":[{"name":"wp","href":"https:\/\/api.w.org\/{rel}","templated":true}]}}