{"id":4013,"date":"2009-05-05T13:15:26","date_gmt":"2009-05-05T19:15:26","guid":{"rendered":"http:\/\/sites.la.utexas.edu\/persian_online_resources\/vocabularly-lists\/sweets-and-deserts\/"},"modified":"2009-10-21T13:29:23","modified_gmt":"2009-10-21T19:29:23","slug":"sweets-and-deserts","status":"publish","type":"page","link":"http:\/\/sites.la.utexas.edu\/persian_online_resources\/vocabulary-lists\/sweets-and-deserts\/","title":{"rendered":"Drinks &amp; Sweets List"},"content":{"rendered":"<p>Click play to hear a list of all the words on this page in a sequence. Listen, follow along with the Persian, try to pronounce them, and memorize them.<\/p>\n<script src=\"\/\/cdn.la.utexas.edu\/jwplayer\/jwplayer-7.10.1\/jwplayer.js\" ><\/script><script>jwplayer.key=\"axpMLPIjkQ+YPUQnxi1VcSuBHeVYrqIgAyJl6hhEY5k=\";<\/script><div id=\"audio\">Loading the player...<\/div><script type=\"text\/javascript\">  var playerInstance = jwplayer(\"audio\");  playerInstance.setup({    file: \"\/wp-content\/themes\/persian_online_e1\/sounds\/sweets.mp3\",    width: 640,    height: 40  });<\/script>\n<h3>\u0634\u06cc\u0631\u06cc\u0646\u06cc \u062c\u0627\u062a \u0648 \u062f\u0633\u0631\u0647\u0627 <\/h3>\n<table class=\"border\" border=\"0\" cellspacing=\"0\" width=\"0\">\n<tbody>\n<tr>\n<td width=\"25%\" align=\"center\">[img persian_online_resources]e2_l6_image002.jpg[\/img]<br \/>\n\u0686\u0627\u06cc<br \/>\n<em>ch\u0101y<\/em><br \/>\n\u2018black tea\u2019<\/td>\n<td width=\"25%\" align=\"center\">[img persian_online_resources]e2_l6_image004.jpg[\/img]<br \/>\n\u0642\u0647\u0648\u0647<br \/>\n<em>qahve<\/em><br \/>\n\u2018coffee\u2019<\/td>\n<td width=\"25%\" align=\"center\">[img persian_online_resources]e2_l6_image006.jpg[\/img]<br \/>\n\u0634\u06a9\u0631<br \/>\n<em>shekar<\/em><br \/>\n\u2018sugar\u2019<\/td>\n<td width=\"25%\" align=\"center\">[img persian_online_resources]e2_l6_image008.jpg[\/img]<br \/>\n\u0642\u0646\u062f<br \/>\n<em>qand<\/em><br \/>\nsugar cube\u2019<\/td>\n<\/tr>\n<tr>\n<td align=\"center\">[img persian_online_resources]e2_l6_image010.jpg[\/img]<br \/>\n\u0622\u0628<br \/>\n<em>\u0101b<\/em><br \/>\n\u2018water\u2019<\/td>\n<td align=\"center\">[img persian_online_resources]e2_l6_image012.jpg[\/img]<br \/>\n\u0646\u0648\u0634\u0627\u0628\u0647<br \/>\n<em>n\u016bsh\u0101be<\/em><br \/>\n\u2018soft drink\u2019<\/td>\n<td align=\"center\">[img persian_online_resources]e2_l6_image014.jpg[\/img]<br \/>\n\u0622\u0628 \u0646\u0628\u0627\u062a<br \/>\n<em>\u0101bnab\u0101t<\/em><br \/>\n\u2018hard candy\u2019<\/td>\n<td align=\"center\">[img persian_online_resources]e2_l6_image016.jpg[\/img]<br \/>\n\u0634\u06a9\u0644\u0627\u062a<br \/>\n<em>shokol\u0101t<\/em><br \/>\n\u2018chocolate\u2019<\/td>\n<\/tr>\n<tr>\n<td align=\"center\">[img persian_online_resources]e2_l6_image018.jpg[\/img]<br \/>\n\u0645\u0631\u0628\u0651\u0627<br \/>\n<em>morabb\u0101<\/em><br \/>\n\u2018jam\u2019<\/td>\n<td align=\"center\">[img persian_online_resources]e2_l6_image020.jpg[\/img]<br \/>\n\u0628\u0633\u062a\u0646\u06cc<br \/>\n<em>bastan\u012b<\/em><br \/>\n\u2018ice cream\u2019<\/td>\n<td align=\"center\">[img persian_online_resources]e2_l6_image022.jpg[\/img]<br \/>\n\u0698\u0644\u0647<br \/>\n<em>zhele<\/em><br \/>\n\u2018jello\u2019<\/td>\n<td align=\"center\">[img persian_online_resources]e2_l6_image024.jpg[\/img]<br \/>\n\u0622\u0628 \u0646\u0628\u0627\u062a \u0686\u0648\u0628\u06cc<br \/>\n<em>\u0101bnab\u0101tch\u016bb\u012b<\/em><br \/>\n\u2018lollipop\u2019<\/td>\n<\/tr>\n<tr>\n<td align=\"center\">[img persian_online_resources]e2_l6_image026.jpg[\/img]<br \/>\n\u06a9\u06cc\u06a9<br \/>\n<em>keyk<\/em><br \/>\n\u2018cake\u2019<\/td>\n<td align=\"center\">[img persian_online_resources]e2_l6_image028.jpg[\/img]<br \/>\n\u06a9\u06cc\u06a9 \u06cc\u0632\u062f\u06cc<br \/>\n<em>keyk-e yazd\u012b<\/em><br \/>\n\u2018muffin\u2019<\/td>\n<td align=\"center\">[img persian_online_resources]e2_l6_image030.jpg[\/img]<br \/>\n\u0628\u06cc\u0633\u06a9\u0648\u06cc\u062a<br \/>\n<em>b\u012bsk\u016b\u012bt<\/em><br \/>\n\u2018cookie, biscuit\u2019<\/td>\n<td align=\"center\">[img persian_online_resources]e2_l6_image032.jpg[\/img]<br \/>\n\u062f\u0648\u0646\u0627\u062a<br \/>\n<em>don\u0101t<\/em><br \/>\n\u2018donut\u2019<\/td>\n<\/tr>\n<\/tbody>\n<\/table>\n<p><strong>NOTES:<\/strong> The word \u0646\u0648\u0634\u0627\u0628\u0647 means \u2018drink\u2019 in general. Soft drink and soda is sometimes referred to as \u0646\u0648\u0634\u0627\u0628\u0647\u0654 \u063a\u06cc\u0631\u0627\u0644\u06a9\u0644\u06cc <em>n\u016bsh\u0101be-ye gheyr-e alkoli<\/em> \u2018non-alcoholic drink.\u2019 The Persian <em>keyk-e yazdi<\/em> is originally from the city of Yazd; but it is baked in other areas as well. It is the Persian version of the western \u201cmuffin.\u201d<\/p>\n","protected":false},"excerpt":{"rendered":"<p>Click play to hear a list of all the words on this page in a sequence. Listen, follow along with the Persian, try to pronounce them, and memorize them. \u0634\u06cc\u0631\u06cc\u0646\u06cc \u062c\u0627\u062a \u0648 \u062f\u0633\u0631\u0647\u0627 [img persian_online_resources]e2_l6_image002.jpg[\/img] \u0686\u0627\u06cc ch\u0101y \u2018black tea\u2019 [img persian_online_resources]e2_l6_image004.jpg[\/img] \u0642\u0647\u0648\u0647 qahve \u2018coffee\u2019 [img persian_online_resources]e2_l6_image006.jpg[\/img] \u0634\u06a9\u0631 shekar \u2018sugar\u2019 [img persian_online_resources]e2_l6_image008.jpg[\/img] \u0642\u0646\u062f qand sugar cube\u2019 [&hellip;]<\/p>\n","protected":false},"author":289,"featured_media":0,"parent":3931,"menu_order":17,"comment_status":"closed","ping_status":"closed","template":"","meta":{"footnotes":""},"class_list":["post-4013","page","type-page","status-publish","hentry"],"_links":{"self":[{"href":"http:\/\/sites.la.utexas.edu\/persian_online_resources\/wp-json\/wp\/v2\/pages\/4013","targetHints":{"allow":["GET"]}}],"collection":[{"href":"http:\/\/sites.la.utexas.edu\/persian_online_resources\/wp-json\/wp\/v2\/pages"}],"about":[{"href":"http:\/\/sites.la.utexas.edu\/persian_online_resources\/wp-json\/wp\/v2\/types\/page"}],"author":[{"embeddable":true,"href":"http:\/\/sites.la.utexas.edu\/persian_online_resources\/wp-json\/wp\/v2\/users\/289"}],"replies":[{"embeddable":true,"href":"http:\/\/sites.la.utexas.edu\/persian_online_resources\/wp-json\/wp\/v2\/comments?post=4013"}],"version-history":[{"count":12,"href":"http:\/\/sites.la.utexas.edu\/persian_online_resources\/wp-json\/wp\/v2\/pages\/4013\/revisions"}],"predecessor-version":[{"id":4477,"href":"http:\/\/sites.la.utexas.edu\/persian_online_resources\/wp-json\/wp\/v2\/pages\/4013\/revisions\/4477"}],"up":[{"embeddable":true,"href":"http:\/\/sites.la.utexas.edu\/persian_online_resources\/wp-json\/wp\/v2\/pages\/3931"}],"wp:attachment":[{"href":"http:\/\/sites.la.utexas.edu\/persian_online_resources\/wp-json\/wp\/v2\/media?parent=4013"}],"curies":[{"name":"wp","href":"https:\/\/api.w.org\/{rel}","templated":true}]}}