{"id":52,"date":"2008-06-26T16:15:27","date_gmt":"2008-06-26T21:15:27","guid":{"rendered":"http:\/\/sites.la.utexas.edu\/persian_online_resources\/?page_id=52"},"modified":"2009-06-26T10:56:28","modified_gmt":"2009-06-26T16:56:28","slug":"phonology","status":"publish","type":"page","link":"http:\/\/sites.la.utexas.edu\/persian_online_resources\/phonology\/","title":{"rendered":"Phonology"},"content":{"rendered":"<p>In this section the <strong>phonological structure <\/strong>of Persian is discussed.<\/p>\n<p>First, the general vocalic characteristics of Persian are explained.  Following that, the vocalic system of Persian is discussed, including the <strong><a href=\"http:\/\/sites.la.utexas.edu\/persian_online_resources\/phonology\/long-vowels\/\">long vowels<\/a><\/strong> and <strong><a href=\"http:\/\/sites.la.utexas.edu\/persian_online_resources\/phonology\/phonology-2\/\">short vowels<\/a>, <\/strong>diphthongs, and two special consonants.\u2028\u2028  (To hear all the <strong>consonants<\/strong> pronounced, see the <strong><a href=\"http:\/\/sites.la.utexas.edu\/persian_online_resources\/the-writing-system\/the-basic-alphabet\/\">alphabet<\/a><\/strong> page in <strong>The Writing System<\/strong>).<\/p>\n<p>Basically there are <strong>32 consonants<\/strong> and <strong>6 vowels<\/strong> in Persian: three short vowels <strong><em>a, e, o,<\/em><\/strong> and three long vowels <strong><em>\u0101, \u016b, \u012b.<\/em><\/strong> In addition, there are <a href=\"http:\/\/sites.la.utexas.edu\/persian_online_resources\/phonology\/dipthongs\/\"><strong>4 diphthongs<\/strong><\/a>.<\/p>\n<p>Make a note of the following points:<\/p>\n<p>As far as the <strong>vowels <\/strong>are concerned, in different Persian dialects the same vowel may have different variations, according to the dialectal regions (as follows:  Persian <em>del<\/em> \u2018heart\u2019 ~ Dari Persian <em>dil<\/em>).  But as a general rule:<\/p>\n<p>(1) the Modern Persian <em>\/i\/<\/em> is always a high front vowel <em>\/\u012b\/<\/em> (very close to <em>[-ee-]<\/em> in &#8216;cheese&#8217; and <em>[-ea-]<\/em> in &#8216;please&#8217;); it is never a central <em>\/i\/<\/em>(as the <em>\/i\/<\/em> in \u201csit\u201d); and<\/p>\n<p>(2) the Modern Persian<em> \/u\/<\/em> is always a long <em>\/\u016b\/<\/em>, very close to the <em>[-oo-] <\/em>in \u201ctool\u201d, but without the off-glide.<\/p>\n<p>Hence, if not trained, a Persian\u2019s ear would never distinguish an <em>[i]<\/em> from an <em>[ee]<\/em>, <em>[ea]<\/em>; or <em>[u]<\/em> from <em>[oo]<\/em> or <em>[ou]<\/em>.<\/p>\n<p>In other words, without enough knowledge of English, a Persian would pronounce both &#8216;sit&#8217; and &#8216;seat&#8217; as <em>s\u012bt<\/em>, &#8216;bin&#8217; and &#8216;bean&#8217; as <em>b\u012bn<\/em>, &#8216;knit&#8217; and &#8216;neat&#8217; as <em>n\u012bt<\/em>, &#8216;pull&#8217; and &#8216;pool&#8217; as <em>p\u016bl<\/em>, and so forth.  If the <em>\/u\/<\/em> is an open-mid back, as in &#8216;tub,&#8217; then it is pronounced as <em>[\u0101]<\/em>; hence, <em>t\u0101b<\/em>.  In addition, unlike English, the terminal liquids (that is, <em>\/l\/<\/em> and<em> \/r\/<\/em>) are not weak in Persian.  Compare and contrast English &#8216;car&#8217; with Persian  <em>k\u0101r<\/em> \u2018work; deed,\u2019 English &#8216;pull&#8217; with Persian <em>p\u016bl <\/em>\u2018money.&#8217; \u2028\u2028A non-Iranian student should practice extensively, using the accompanying audio links to master the vocalic articulations of Persian.<\/p>\n<p>In Persian, there is no gliding in the articulation of <em>\/a\/ <\/em>(as in &#8216;cat&#8217;), <em>\/e\/<\/em> (as in &#8216;forte&#8217;), and <em>\/o\/<\/em> (as in &#8216;bold&#8217;).  These vowels must be pronounced respectively as <em>\/\u00e1\/<\/em>, <em>\/\u00e9\/<\/em>, and <em>\/\u00f3\/<\/em>.  More over, <em>\/o\/<\/em> is never pronounced as an open back (as in the English &#8216;top&#8217;); it is always a close-mid back, close to the <em>[o]<\/em> in the English &#8216;more&#8217; and the French <em>bol<\/em> \u2018bowl, basin.\u2019<\/p>\n<p>In the initial position, orthographically all <strong>vowels<\/strong> and <strong>diphthongs<\/strong> are accompanied by an <em>alef<\/em> as:[tag resources Hamze-1-11a]\u0627\u0650\u06cc\u0640[\/tag],[tag resources Hamze-1-11b]\u0627\u064f\u0648[\/tag],[tag resources Hamze-1-11c]\u0627\u06cc\u0640[\/tag], [tag resources Hamze-1-11d]\u0627\u0648[\/tag], [tag resources Hamze-1-11e]\u0622[\/tag], [tag resources Hamze-1-11f]\u0627\u064f[\/tag], [tag resources Hamze-1-11g]\u0627\u0650[\/tag], [tag resources Hamze-1-11h]\u0627\u064e[\/tag] = <em>a-<\/em>, <em>e-<\/em>, <em>o-<\/em>, <em>\u0101-<\/em> (= <em>aa-<\/em>), <em>u-<\/em>, <em>i-<\/em>, <em>ow<\/em>, <em>ey<\/em>.<\/p>\n<p>Medial and final <em>alef<\/em> by default is a long <em>[\u0101]<\/em>; for instance,   \u06a9\u0627\u0631 <em>k\u0101r<\/em> \u2018work, job; deed,\u2019   \u06a9\u062c\u0627 <em>koj\u0101<\/em> \u2018where?\u2019 In this case the <em>madd<\/em> is not used, for <em>madd<\/em> is only used initially; that is, at the beginning of a syllable, whether the syllable is initial, medial, or final.  In the middle of a word, however, <em>madd<\/em> only occurs in words of Arabic origin; such as:<\/p>\n<h5>[tag resources phonology_02]\u0645\u0622\u062b\u0631[\/tag]<br \/>\n<em>ma\u2019\u0101ser<\/em><br \/>\n\u2018memorable deeds\u2019<\/p>\n<p>[tag resources phonology_03]\u0645\u0646\u0634\u0622\u062a[\/tag]<br \/>\n<em>mun\u0161a&#8217;\u0101t<\/em><br \/>\n\u2018scholarly writings\u2019<\/p>\n<p>[tag resources phonology_04]\u0645\u0622\u0628[\/tag]<br \/>\n<em>ma\u2019\u0101b<\/em><br \/>\n\u2018air and style; resort\u2019<\/h5>\n<p>This is usually used in compounds to express manner; e.g.,[tag resources phonology_05] \u0641\u0631\u0646\u06af\u06cc \u0645\u0622\u0628 [\/tag]<em>farang\u012b-ma\u2019\u0101b<\/em> \u2018having the air of, or imitating Europeans (Westerners, in general).\u2019<\/p>\n<p>Since technically an \u0622 <em>[\u0101]<\/em> is an <em>alef,<\/em> vocalized by an <em>[\u0101]<\/em> vowel (that is, <em>a\u0101<\/em>), an entire syllable may consist of an \u0622 alone; as in:[tag resources phonology_06] \u0645\u0622\u062b\u0631 [\/tag]<em>ma.\u0101.ser<\/em> (above);[tag resources phonology_07] \u0622\u0645\u062f\u0646 [\/tag]<em>\u0101.ma.dan<\/em>, informal, \u2018to come.&#8217;<\/p>\n","protected":false},"excerpt":{"rendered":"<p>In this section the phonological structure of Persian is discussed. First, the general vocalic characteristics of Persian are explained. Following that, the vocalic system of Persian is discussed, including the long vowels and short vowels, diphthongs, and two special consonants.\u2028\u2028 (To hear all the consonants pronounced, see the alphabet page in The Writing System). Basically [&hellip;]<\/p>\n","protected":false},"author":289,"featured_media":0,"parent":0,"menu_order":1,"comment_status":"closed","ping_status":"closed","template":"","meta":{"footnotes":""},"class_list":["post-52","page","type-page","status-publish","hentry"],"_links":{"self":[{"href":"http:\/\/sites.la.utexas.edu\/persian_online_resources\/wp-json\/wp\/v2\/pages\/52","targetHints":{"allow":["GET"]}}],"collection":[{"href":"http:\/\/sites.la.utexas.edu\/persian_online_resources\/wp-json\/wp\/v2\/pages"}],"about":[{"href":"http:\/\/sites.la.utexas.edu\/persian_online_resources\/wp-json\/wp\/v2\/types\/page"}],"author":[{"embeddable":true,"href":"http:\/\/sites.la.utexas.edu\/persian_online_resources\/wp-json\/wp\/v2\/users\/289"}],"replies":[{"embeddable":true,"href":"http:\/\/sites.la.utexas.edu\/persian_online_resources\/wp-json\/wp\/v2\/comments?post=52"}],"version-history":[{"count":29,"href":"http:\/\/sites.la.utexas.edu\/persian_online_resources\/wp-json\/wp\/v2\/pages\/52\/revisions"}],"predecessor-version":[{"id":4444,"href":"http:\/\/sites.la.utexas.edu\/persian_online_resources\/wp-json\/wp\/v2\/pages\/52\/revisions\/4444"}],"wp:attachment":[{"href":"http:\/\/sites.la.utexas.edu\/persian_online_resources\/wp-json\/wp\/v2\/media?parent=52"}],"curies":[{"name":"wp","href":"https:\/\/api.w.org\/{rel}","templated":true}]}}