{"id":78,"date":"2008-07-01T16:33:13","date_gmt":"2008-07-01T21:33:13","guid":{"rendered":"http:\/\/sites.la.utexas.edu\/persian_online_resources\/?page_id=78"},"modified":"2009-04-20T22:34:04","modified_gmt":"2009-04-21T04:34:04","slug":"basic-math","status":"publish","type":"page","link":"http:\/\/sites.la.utexas.edu\/persian_online_resources\/numbers-1\/basic-math\/","title":{"rendered":"Basic Math"},"content":{"rendered":"<p>Here are some basic words and constructions used in <strong>mathematics<\/strong>:<\/p>\n<table class=\"border\" border=\"0\" cellpadding=\"15\" width=\"550\">\n<tbody>\n<tr>\n<td>plus<\/td>\n<td><em>be al\u0101ve-ye<\/em><\/td>\n<td align=\"right\">[tag resources basicmath_01] (\u0628\u0647 \u0639\u0644\u0627\u0648\u0647 (\u06cc[\/tag]<\/td>\n<\/tr>\n<tr>\n<td>one plus two<\/td>\n<td><em>yek, b\u00e9 al\u0101ve-ye d\u00f3<\/em><\/td>\n<td>[tag resources basicmath_02]\u06f1 + \u06f2[\/tag]<\/td>\n<\/tr>\n<tr>\n<td>and<\/td>\n<td><em>be ez\u0101fe-ye<\/em><\/td>\n<td align=\"right\">[tag resources basicmath_03] (\u0628\u0647 \u0627\u0636\u0627\u0641\u0647 (\u06cc  [\/tag]<\/td>\n<\/tr>\n<tr>\n<td>one and two<\/td>\n<td><em>yek, b\u00e9 ez\u0101fe-ye d\u00f3<\/em><\/td>\n<td>[tag resources basicmath_04]\u06f1 + \u06f2[\/tag]<\/td>\n<\/tr>\n<tr>\n<td>plus sign +<\/td>\n<td><em>al\u0101mat-e ez\u0101fe<\/em><\/td>\n<td align=\"right\">[tag resources basicmath_05] \u0639\u0644\u0627\u0645\u062a \u062c\u0645\u0639[\/tag][tag resources basicmath_06]\u06cc\u0627 \u0639\u0644\u0627\u0645\u062a \u0627\u0636\u0627\u0641\u0647 [\/tag]<br \/>\n<em>al\u0101mat-e jam\u2019<\/em><br \/>\n[tag resources basicmath_07]\u0628\u0647 \u0639\u0644\u0627\u0648\u0647[\/tag]<br \/>\n<em>be al\u0101ve<\/em><\/td>\n<\/tr>\n<tr>\n<td>sign<\/td>\n<td><em>al\u0101mat<\/em><\/td>\n<td align=\"right\">[tag resources basicmath_08]\u0639\u0644\u0627\u0645\u062a[\/tag]<\/td>\n<\/tr>\n<tr>\n<td>equals<\/td>\n<td><em>mos\u0101vist b\u0101<\/em><\/td>\n<td align=\"right\">[tag resources basicmath_09]\u0645\u0633\u0627\u0648\u06cc \u0627\u0633\u062a \u0628\u0627[\/tag]<\/td>\n<\/tr>\n<tr>\n<td>It is equal to\u2026<\/td>\n<td><em>mos\u0101vi ast b\u0101\u2026<\/em><\/td>\n<td align=\"right\">[tag resources basicmath_10]( \u0628\u0631\u0627\u0628\u0631 \u0627\u0633\u062a \u0628\u0627 (\u0628\u0631\u0627\u0628\u0631 [\/tag]\u2018equal\u2019<\/td>\n<\/tr>\n<tr>\n<td>one plus two equals three<\/td>\n<td><em>bar\u0101bar ast b\u0101<\/em><br \/>\n<em>yek, b\u00e9 al\u0101ve-ye<\/em><br \/>\n(<em>be ez\u0101fe-ye<\/em>)<br \/>\n<em>d\u00f3, mos\u0101vist b\u0101<\/em><br \/>\n(<em>bar\u0101bar ast b\u0101<\/em>)<br \/>\n<em>s\u00e9<\/em>.  Also, <em>yek, b\u00e9 al\u0101ve-ye<\/em><br \/>\n(<em>be ez\u0101fe-ye<\/em>)<br \/>\n<em>d\u00f3, mi \u0161avad s\u00e9<\/em><br \/>\n(literally, &#8216;it becomes three&#8217;)<\/td>\n<td>[tag resources basicmath_11]\u06f1 + \u06f2 = \u06f3[\/tag]<\/td>\n<\/tr>\n<\/tbody>\n<\/table>\n<p>Multiplied by:<\/p>\n<h5>[tag resources basicmath_12]\u0636\u0631\u0628 \u062f\u0631[\/tag]<br \/>\n<em>zarb dar<\/em><br \/>\n[tag resources basicmath_13]\u06f2 \u00d7 \u06f2 = \u06f4[\/tag]<br \/>\n<em>d\u00f3, zarb dar d\u00f3, mos\u0101vist b\u0101 cah\u0101r<\/em><\/p>\n<p>\u201c\u00d7\u201d<br \/>\n[tag resources basicmath_14]\u0639\u0644\u0627\u0645\u062a \u0636\u0631\u0628\u062f\u0631[\/tag]<br \/>\n<em>al\u0101mat-e zarbdar<\/em><\/h5>\n<p>Divided by:<\/p>\n<h5>[tag resources basicmath_15]\u062a\u0642\u0633\u06cc\u0645 \u0628\u0631[\/tag]<br \/>\n<em>taqsim bar<\/em><br \/>\n[tag resources basicmath_16]\u06f4 \u00f7 \u06f2 = \u06f2[\/tag]<br \/>\n<em>cah\u0101r, taqsim bar d\u00f3, mos\u0101vist b\u0101 d\u00f3<\/em><br \/>\nAlso, <em>cah\u0101r, taqsim bar d\u00f3, mi\u0161avad d\u00f3<\/em>.<\/h5>\n<p>Minus:<\/p>\n<h5>[tag resources basicmath_17] (\u0645\u0646\u0647\u0627(\u06cc [\/tag]<br \/>\n<em>menh\u0101-ye<\/em><br \/>\n[tag resources basicmath_18]\u06f3 \u2013 \u06f1 = \u06f2[\/tag]<br \/>\n<em>s\u00e9, menh\u0101-ye yek, mos\u0101vist b\u0101<\/em><br \/>\n(or <em> s\u00e9, menh\u0101-ye yek, mi \u0161avad<\/em>)<br \/>\n<em>d\u00f3<\/em><\/p>\n<p>\u201c\u2013\u201d<br \/>\n[tag resources basicmath_19]\u0639\u0644\u0627\u0645\u062a \u0645\u0646\u0647\u0627[\/tag]<br \/>\nal\u0101mat-e menh\u0101<br \/>\nsubtraction sign<\/h5>\n<p>Math Related Verbs and Subjects:<\/p>\n<h5>[tag resources basicmath_20]\u062a\u0641\u0631\u06cc\u0642[\/tag]<br \/>\n<em>tafriq<\/em><br \/>\n&#8216;Subtraction&#8217;<\/h5>\n<h5>[tag resources basicmath_21]\u062a\u0642\u0633\u06cc\u0645[\/tag]<br \/>\n<em>taqsim<\/em><br \/>\n&#8216;Division&#8217;<\/h5>\n<h5>[tag resources basicmath_22]\u062c\u0645\u0639 \u0632\u062f\u0646[\/tag]<br \/>\n<em>jam\u2019 zadan<\/em><br \/>\n&#8216;to add&#8217;<\/p>\n<p>[tag resources basicmath_23]\u062a\u0642\u0633\u06cc\u0645 \u06a9\u0631\u062f\u0646[\/tag]<br \/>\n<em>taqsim kardan<\/em><br \/>\n&#8216;to divide&#8217;<\/p>\n<p>[tag resources basicmath_24]\u0636\u0631\u0628 \u06a9\u0631\u062f\u0646 [\/tag]<em><br \/>\nzarb kardan<\/em><br \/>\n&#8216;to multiply&#8217;<\/p>\n<p>[tag resources basicmath_25]\u06a9\u0645 \u06a9\u0631\u062f\u0646[\/tag]<br \/>\n<em>kam kardan<\/em><br \/>\n&#8216;to subtract&#8217;<\/h5>\n<p>Consider the following phrase:<\/p>\n<h5>[tag resources basicmath_26]\u0633\u0647 \u0628\u0647 \u0639\u0644\u0627\u0648\u0647 \u06cc \u0686\u0647\u0627\u0631\u066c \u0645\u06cc \u0634\u0648\u062f \u0647\u0641\u062a[\/tag]<br \/>\n<em>s\u00e9 be al\u0101ve-ye cah\u0101r, mi \u0161avad haft<\/em><br \/>\n\u2018three plus four equals seven\u2019<br \/>\n(literally, \u201c\u2026becomes even\u201d)<br \/>\n\u2018(it) becomes\u2019 = \u0645\u06cc \u0634\u0648\u062f<\/h5>\n","protected":false},"excerpt":{"rendered":"<p>Here are some basic words and constructions used in mathematics: plus be al\u0101ve-ye [tag resources basicmath_01] (\u0628\u0647 \u0639\u0644\u0627\u0648\u0647 (\u06cc[\/tag] one plus two yek, b\u00e9 al\u0101ve-ye d\u00f3 [tag resources basicmath_02]\u06f1 + \u06f2[\/tag] and be ez\u0101fe-ye [tag resources basicmath_03] (\u0628\u0647 \u0627\u0636\u0627\u0641\u0647 (\u06cc [\/tag] one and two yek, b\u00e9 ez\u0101fe-ye d\u00f3 [tag resources basicmath_04]\u06f1 + \u06f2[\/tag] plus sign [&hellip;]<\/p>\n","protected":false},"author":289,"featured_media":0,"parent":65,"menu_order":3,"comment_status":"closed","ping_status":"closed","template":"","meta":{"footnotes":""},"class_list":["post-78","page","type-page","status-publish","hentry"],"_links":{"self":[{"href":"http:\/\/sites.la.utexas.edu\/persian_online_resources\/wp-json\/wp\/v2\/pages\/78","targetHints":{"allow":["GET"]}}],"collection":[{"href":"http:\/\/sites.la.utexas.edu\/persian_online_resources\/wp-json\/wp\/v2\/pages"}],"about":[{"href":"http:\/\/sites.la.utexas.edu\/persian_online_resources\/wp-json\/wp\/v2\/types\/page"}],"author":[{"embeddable":true,"href":"http:\/\/sites.la.utexas.edu\/persian_online_resources\/wp-json\/wp\/v2\/users\/289"}],"replies":[{"embeddable":true,"href":"http:\/\/sites.la.utexas.edu\/persian_online_resources\/wp-json\/wp\/v2\/comments?post=78"}],"version-history":[{"count":56,"href":"http:\/\/sites.la.utexas.edu\/persian_online_resources\/wp-json\/wp\/v2\/pages\/78\/revisions"}],"predecessor-version":[{"id":3592,"href":"http:\/\/sites.la.utexas.edu\/persian_online_resources\/wp-json\/wp\/v2\/pages\/78\/revisions\/3592"}],"up":[{"embeddable":true,"href":"http:\/\/sites.la.utexas.edu\/persian_online_resources\/wp-json\/wp\/v2\/pages\/65"}],"wp:attachment":[{"href":"http:\/\/sites.la.utexas.edu\/persian_online_resources\/wp-json\/wp\/v2\/media?parent=78"}],"curies":[{"name":"wp","href":"https:\/\/api.w.org\/{rel}","templated":true}]}}