{"id":143,"date":"2008-07-03T14:09:58","date_gmt":"2008-07-03T19:09:58","guid":{"rendered":"http:\/\/sites.la.utexas.edu\/persian_online_resources\/?page_id=143"},"modified":"2009-04-12T19:47:20","modified_gmt":"2009-04-13T01:47:20","slug":"digar-magar","status":"publish","type":"page","link":"https:\/\/sites.la.utexas.edu\/persian_online_resources\/language-specific-grammar\/digar-magar\/","title":{"rendered":"Digar"},"content":{"rendered":"<p>The first meaning of[tag resources digar_01] \u062f\u06cc\u06af\u0631 [\/tag]<strong><em>digar<\/em> <\/strong>is \u2018(the) other\u2019:<\/p>\n<h5>[tag resources digar_02]\u0622\u0646 \u06a9\u062a\u0627\u0628 \u062f\u06cc\u06af\u0631 \u0631\u0627 \u0645\u06cc\u200c\u062e\u0648\u0627\u0647\u0645[\/tag]<br \/>\n<em>\u0101n ket\u0101b digar r\u0101 mi x\u0101ham <\/em><br \/>\n&#8220;I want the\/that other book.&#8221;<\/h5>\n<p>The other meaning of this particle is \u2018any more, no more\u2019 when dealing with a negative principal verb:<\/p>\n<table class=\"border\" border=\"0\" cellpadding=\"15\" width=\"550\">\n<tbody>\n<tr>\n<td>I won\u2019t go there any more.<\/td>\n<td><em>digar \u0101nj\u0101 nami ravam<\/em><\/td>\n<td align=\"right\">[tag resources digar_03].\u062f\u06cc\u06af\u0631 \u0622\u0646 \u062c\u0627 \u0646\u0645\u06cc\u200c\u0631\u0648\u0645[\/tag]<\/td>\n<\/tr>\n<tr>\n<td>Do not talk any more!<\/td>\n<td><em>digar harf nazan!<\/em><\/td>\n<td align=\"right\">[tag resources digar_04]!\u062f\u06cc\u06af\u0631 \u062d\u0631\u0641 \u0646\u0632\u0646[\/tag]<\/td>\n<\/tr>\n<tr>\n<td>Say no more! (colloquial)<\/td>\n<td><em>dige nagu!<\/em><\/td>\n<td align=\"right\">[tag resources digar_05] !\u062f\u06cc\u06af\u0647 \u0646\u06af\u0648[\/tag]<\/td>\n<\/tr>\n<\/tbody>\n<\/table>\n<p>In addition, this particle can have other syntactic functions in a sentence. It is the same as the English &#8216;already&#8217; in the following construction:<\/p>\n<h5>[tag resources digar_06] !\u062f\u06cc\u06af\u0631 \u0628\u0633 \u0627\u0633\u062a [\/tag]<br \/>\n<em>digar bas ast!<\/em><br \/>\n&#8220;Enough already!&#8221; (colloquial)<\/h5>\n<h5>[tag resources digar_07] !\u062f\u06cc\u06af\u0647 \u0628\u0633\u0651\u0647[\/tag]<br \/>\n<em>dige basse!<\/em><br \/>\n&#8220;Enough already!&#8221;(colloquial)<\/h5>\n<p>Or sometimes:<\/p>\n<h5>[tag resources digar_08] !\u0628\u0633\u0651\u0647 \u062f\u06cc\u06af\u0647[\/tag]<br \/>\n<em>basse dige!<\/em><br \/>\n&#8220;Enough already!&#8221;(colloquial)<\/h5>\n<p>It also means \u201celse\u201d as in the following:<\/p>\n<h5>[tag resources digar_09]\u062f\u06cc\u06af\u0631 \u0686\u0647\u061f[\/tag]<br \/>\n<em>digar ce<\/em><br \/>\n\u2018What else?\u2019 (colloquial)<\/h5>\n<h5>[tag resources digar_10]\u062f\u06cc\u06af\u0647 \u0686\u06cc\u061f[\/tag]<br \/>\n<em>dige ci?<\/em><br \/>\n\u2018What else?\u2019 (colloquial)<\/h5>\n<p>It also means &#8216;another (thing),&#8217; &#8216;something else&#8217;:<\/p>\n<h5>[tag resources digar_11]\u0686\u06cc\u0632 \u062f\u06cc\u06af\u0631\u06cc \u0645\u06cc\u200c\u062e\u0648\u0627\u0647\u06cc\u062f\u061f[\/tag]<br \/>\n<em>ciz-e digari mi x\u0101hid?<\/em><br \/>\n&#8220;Do you want another thing?&#8221;, i.e., \u201cAnything else?&#8221;<\/h5>\n<h5>[tag resources digar_12]\u0686\u06cc\u0632 \u062f\u06cc\u06af\u0631\u06cc \u0646\u0645\u06cc\u200c\u062e\u0648\u0627\u0647\u06cc\u062f\u061f[\/tag]<br \/>\n<em>ciz-e digari nami x\u0101hid?<\/em><br \/>\n\u2018Don\u2019t you want another thing?\u2019<br \/>\n\u2018Don\u2019t you want anything else?\u2019<\/h5>\n<p>Sometimes, with positive verbs, it is used with \u0647\u0645 ham as a segment:<\/p>\n<h5>[tag resources digar_13]\u0686\u06cc\u0632 \u062f\u06cc\u06af\u0631\u06cc \u0647\u0645 \u0645\u06cc\u200c\u062e\u0648\u0627\u0647\u06cc\u062f\u061f[\/tag]<br \/>\n<em>ciz-e digari ham mi x\u0101hid?<\/em><br \/>\n&#8220;Do you want another thing\/something else?&#8221;, still, &#8220;Anything else?\u201d.<\/h5>\n<p>A plural form of <em>digar<\/em> is \u062f\u06cc\u06af\u0631\u0627\u0646 <em>digar\u0101n<\/em> means \u2018others = the other people\u2019:<\/p>\n<h5>[tag resources digar_14]\u062f\u06cc\u06af\u0631\u0627\u0646 \u0647\u0645 \u0627\u06cc\u0646 \u06a9\u0627\u0631 \u0631\u0627 \u06a9\u0631\u062f\u0647\u200c\u0627\u0646\u062f[\/tag]<br \/>\n<em>digar\u0101n ham in k\u0101r r\u0101 karde-and<\/em><br \/>\n&#8220;Others have done this too,&#8221; or &#8220;The other people have done this too.&#8221;<\/h5>\n","protected":false},"excerpt":{"rendered":"<p>The first meaning of[tag resources digar_01] \u062f\u06cc\u06af\u0631 [\/tag]digar is \u2018(the) other\u2019: [tag resources digar_02]\u0622\u0646 \u06a9\u062a\u0627\u0628 \u062f\u06cc\u06af\u0631 \u0631\u0627 \u0645\u06cc\u200c\u062e\u0648\u0627\u0647\u0645[\/tag] \u0101n ket\u0101b digar r\u0101 mi x\u0101ham &#8220;I want the\/that other book.&#8221; The other meaning of this particle is \u2018any more, no more\u2019 when dealing with a negative principal verb: I won\u2019t go there any more. digar \u0101nj\u0101 [&hellip;]<\/p>\n","protected":false},"author":289,"featured_media":0,"parent":51,"menu_order":9,"comment_status":"closed","ping_status":"open","template":"","meta":{"footnotes":""},"class_list":["post-143","page","type-page","status-publish","hentry"],"_links":{"self":[{"href":"https:\/\/sites.la.utexas.edu\/persian_online_resources\/wp-json\/wp\/v2\/pages\/143","targetHints":{"allow":["GET"]}}],"collection":[{"href":"https:\/\/sites.la.utexas.edu\/persian_online_resources\/wp-json\/wp\/v2\/pages"}],"about":[{"href":"https:\/\/sites.la.utexas.edu\/persian_online_resources\/wp-json\/wp\/v2\/types\/page"}],"author":[{"embeddable":true,"href":"https:\/\/sites.la.utexas.edu\/persian_online_resources\/wp-json\/wp\/v2\/users\/289"}],"replies":[{"embeddable":true,"href":"https:\/\/sites.la.utexas.edu\/persian_online_resources\/wp-json\/wp\/v2\/comments?post=143"}],"version-history":[{"count":37,"href":"https:\/\/sites.la.utexas.edu\/persian_online_resources\/wp-json\/wp\/v2\/pages\/143\/revisions"}],"predecessor-version":[{"id":3366,"href":"https:\/\/sites.la.utexas.edu\/persian_online_resources\/wp-json\/wp\/v2\/pages\/143\/revisions\/3366"}],"up":[{"embeddable":true,"href":"https:\/\/sites.la.utexas.edu\/persian_online_resources\/wp-json\/wp\/v2\/pages\/51"}],"wp:attachment":[{"href":"https:\/\/sites.la.utexas.edu\/persian_online_resources\/wp-json\/wp\/v2\/media?parent=143"}],"curies":[{"name":"wp","href":"https:\/\/api.w.org\/{rel}","templated":true}]}}