{"id":16,"date":"2008-04-30T11:19:45","date_gmt":"2008-04-30T16:19:45","guid":{"rendered":"http:\/\/sites.la.utexas.edu\/persian_online_resources\/bibliography\/"},"modified":"2009-05-07T10:03:13","modified_gmt":"2009-05-07T16:03:13","slug":"bibliography","status":"publish","type":"page","link":"https:\/\/sites.la.utexas.edu\/persian_online_resources\/bibliography\/","title":{"rendered":"Bibliography"},"content":{"rendered":"<p><em>The following references have been periodically used in the preparation of the material on this site:<\/em><\/p>\n<ol>\n<li> \u0100zar-e Yazdi, Mehdi. \u0642\u0635\u0651\u0647 \u0647\u0627\u06cc \u062e\u0648\u0628\u060c \u0628\u0631\u0627\u06cc \u0628\u0686\u0651\u0647 \u0647\u0627\u06cc \u062e\u0648\u0628 (Good Stories for Good Kids). 8 Volumes. Tehran: Shokufe Books, 2006.<\/li>\n<li>Abol-ghassemi, Mohsen. \u062a\u0627\u0631\u06cc\u062e \u0645\u062e\u062a\u0635\u0631 \u0632\u0628\u0627\u0646 \u0641\u0627\u0631\u0633\u06cc (A Short History of the Persian Language). Tehran: Tahuri Publications, 2000.<\/li>\n<li>\u2014\u2014. \u0648\u0627\u0698\u06af\u0627\u0646 \u0632\u0628\u0627\u0646 \u0641\u0627\u0631\u0633\u06cc \u062f\u0631\u06cc (Vocabulary of the Persian Language). Tehran: Golchin-e Adab Cultural Foundation, 2000.<\/li>\n<li>Aboomahboob, Ahmad. \u0633\u0627\u062e\u062a \u0632\u0628\u0627\u0646 \u0641\u0627\u0631\u0633\u06cc (Persian Language Structure). Tehran: Mitra Publishers, 1997.<\/li>\n<li>Bahar, Mehrdad. Glossary of Pahlavi Bundahish. Tehran: Iranian Culture Foundation Series 17, 1967.<\/li>\n<li>Baqeri, Mehri. \u062a\u0627\u0631\u06cc\u062e \u0632\u0628\u0627\u0646 \u0641\u0627\u0631\u0633\u06cc (The History of the Persian Language). Tehran: Qatre Publishers, 2003.<\/li>\n<li>Boruman Saeid, Javad. \u062f\u06af\u0631\u06af\u0648\u0646\u06cc \u0622\u0648\u0627\u06cc\u06cc \u0648\u0627\u0698\u06af\u0627\u0646 \u062f\u0631 \u0632\u0628\u0627\u0646 \u0641\u0627\u0631\u0633\u06cc (\u0648\u0627\u06a9\u0647 \u0647\u0627) (Vowel Changes in Persian Language). Kerman: Golare Publishers, 1995.<\/li>\n<li>Boyle, Jophn Andrew. Grammar of Modern Persian. Wiesbaden: Otto Harrassowitz, 1966.<\/li>\n<li>Dinshah, Tahmuras. The Bondahesh: Being a Facsimile Edition of the Manuscript TD1. Tehran: Iranian Culture Foundation 88, 1900 (?).<\/li>\n<li>Faramarzi, Mohammad-Taqi. \u0641\u0631\u0647\u0646\u06af \u0627\u0635\u0637\u0644\u0627\u062d\u0627\u062a \u0627\u0646\u06af\u0644\u06cc\u0633\u06cc-\u0641\u0627\u0631\u0633\u06cc (A Concise Dictionary of English-Persian Idioms). Tehran: Yasaman Publishers, 1997.<\/li>\n<li>Ghaffari, Seif. \u0641\u0631\u0647\u0646\u06af \u0627\u0635\u0637\u0644\u0627\u062d\u0627\u062a \u0641\u0627\u0631\u0633\u06cc \u0628\u0647 \u0627\u0646\u06af\u0644\u06cc\u0633\u06cc (A Dictionary of Persian-English Idioms). Tehran: Now Publishers, 1991.<\/li>\n<li>Jamasp-Asana, Dastur Jamaspji Minochehrji. The Pahlavi Texts. Iranian Culture Foundation series 112. Bombay: Fort Printing Press, 1897.<\/li>\n<li>Kent, Ronald G. Old Persian: Grammar, Texts, Lexicon. New Haven: American Oriental Society, 1953.<\/li>\n<li>Lazard, Gilbert. A Grammar of Contemporary Persian. Costa Mesa: Mazda Publishers, 1992.<\/li>\n<li>MacKenzie, David Neil. A Concise Pahlavi Dictionary. London: Oxford University Press, 1971.<br \/>\nMoqbeli, Maryam et al. \u0642\u0635\u0651\u0647 \u0647\u0627\u06cc \u06a9\u0648\u0686\u06a9\u060c \u0628\u0631\u0627\u06cc \u0628\u0686\u0651\u0647 \u0647\u0627\u06cc \u06a9\u0648\u0686\u06a9 (Little Stories for Little Kids). Tehran: Banafshe Books, 2003.<\/li>\n<li>Mottahedin, Jaleh. \u062f\u0627\u0646\u0634\u0646\u0627\u0645\u0629 \u06a9\u0648\u0686\u06a9 \u0627\u06cc\u0631\u0627\u0646 (Concise Encyclopedia of Iran). (City ?): Foundation for Iranian Studies, 1999.<\/li>\n<li>P\u016brn\u0101md\u0101r\u012b\u0101n, Taq\u012b. \u062f\u0631\u0633 \u0641\u0627\u0631\u0633\u06cc \u0628\u0631\u0627\u06cc \u0641\u0627\u0631\u0633\u06cc \u0622\u0645\u0648\u0632\u0627\u0646 \u062e\u0627\u0631\u062c\u06cc (\u062f\u0648\u0631\u0629 \u0645\u0642\u062f\u0651\u0645\u0627\u062a\u06cc) (Persian Lessons for Foreigners: An Elementary Course). Tehran: Institute for Humanities and Cultural Studies, 1999.<\/li>\n<li>Rastorgujeva, W. S. Middle Persian Grammar. Translated by Vali-oll\u0101h Sh\u0101d\u0101n. Tehran: Buny\u0101d-e Farhang-e \u012ar\u0101n. No 41: Pahlavi Lexical series 5, 1968.<\/li>\n<li>Salahshur, Soheyl\u0101. \u0628\u0647\u062a\u0631\u06cc\u0646 \u0636\u0631\u0628 \u0627\u0644\u0645\u062b\u0644 \u0647\u0627\u06cc \u0627\u06cc\u0631\u0627\u0646\u06cc (The Best Iranian Proverbs). Tehran: Arvand Pubishers, 1998.<\/li>\n<li>Shamisa, Cyrus (ed.). \u062f\u0633\u062a\u0648\u0631 \u0632\u0628\u0627\u0646 \u067e\u0646\u062c \u0627\u0633\u062a\u0627\u062f (The Five Masters\u2019 Grammar Book). Tehran: Ferdows Publishers, 1995.<\/li>\n<li>Sha\u2019b\u0101ni, Asadoll\u0101h (author) and Fasihi, Farzaneh (illustrator). \u0632\u0645\u06cc\u0646 \u06a9\u0648\u0686\u06a9 \u0645\u0646 (My Little Piece of Land). Tehran: Shokufe Books, 1998.<\/li>\n<li>Sh\u0101hrudi, Esma\u2019il. \u062f\u0627\u0633\u062a\u0627\u0646 \u0647\u0627\u06cc \u0634\u06cc\u0631\u06cc\u0646 \u0627\u06cc\u0631\u0627\u0646\u06cc (Sweet Persian Tales). Tehran: Peyman Publications, 1995.<\/li>\n<li>Skj\u00e6rv\u00f8, Prods Oktor. An Introduction to Avestan. Harvard, 1996-97.<\/li>\n<li>Taraghi, Rajab. English and American Idioms and How to Use Them With Complete Translation into Persian. Tehran: Padideh Publishers, 1974.<\/li>\n<li>Tavakkoli, Goli and Haqiqi, Ebrahim. \u0622\u0645\u0648\u0632\u0634 \u0627\u0644\u0641\u0628\u0627 (Theaching Alphabet). Tehran: Shokufe Books, 1999.<\/li>\n<li>Thackston, Wheeler M. An Introduction to Persian. Bethesda: Iranbooks Inc., 1993.<\/li>\n<li>Vazin-Pur, Nader. \u062f\u0633\u062a\u0648\u0631 \u0632\u0628\u0627\u0646 \u0641\u0627\u0631\u0633\u06cc (Persian Grammar). Tehran: Mo\u2019in Publishers, 1997.<\/li>\n<\/ol>\n","protected":false},"excerpt":{"rendered":"<p>The following references have been periodically used in the preparation of the material on this site: \u0100zar-e Yazdi, Mehdi. \u0642\u0635\u0651\u0647 \u0647\u0627\u06cc \u062e\u0648\u0628\u060c \u0628\u0631\u0627\u06cc \u0628\u0686\u0651\u0647 \u0647\u0627\u06cc \u062e\u0648\u0628 (Good Stories for Good Kids). 8 Volumes. Tehran: Shokufe Books, 2006. Abol-ghassemi, Mohsen. \u062a\u0627\u0631\u06cc\u062e \u0645\u062e\u062a\u0635\u0631 \u0632\u0628\u0627\u0646 \u0641\u0627\u0631\u0633\u06cc (A Short History of the Persian Language). Tehran: Tahuri Publications, 2000. \u2014\u2014. [&hellip;]<\/p>\n","protected":false},"author":329,"featured_media":0,"parent":0,"menu_order":199,"comment_status":"closed","ping_status":"closed","template":"","meta":{"footnotes":""},"class_list":["post-16","page","type-page","status-publish","hentry"],"_links":{"self":[{"href":"https:\/\/sites.la.utexas.edu\/persian_online_resources\/wp-json\/wp\/v2\/pages\/16","targetHints":{"allow":["GET"]}}],"collection":[{"href":"https:\/\/sites.la.utexas.edu\/persian_online_resources\/wp-json\/wp\/v2\/pages"}],"about":[{"href":"https:\/\/sites.la.utexas.edu\/persian_online_resources\/wp-json\/wp\/v2\/types\/page"}],"author":[{"embeddable":true,"href":"https:\/\/sites.la.utexas.edu\/persian_online_resources\/wp-json\/wp\/v2\/users\/329"}],"replies":[{"embeddable":true,"href":"https:\/\/sites.la.utexas.edu\/persian_online_resources\/wp-json\/wp\/v2\/comments?post=16"}],"version-history":[{"count":10,"href":"https:\/\/sites.la.utexas.edu\/persian_online_resources\/wp-json\/wp\/v2\/pages\/16\/revisions"}],"predecessor-version":[{"id":4259,"href":"https:\/\/sites.la.utexas.edu\/persian_online_resources\/wp-json\/wp\/v2\/pages\/16\/revisions\/4259"}],"wp:attachment":[{"href":"https:\/\/sites.la.utexas.edu\/persian_online_resources\/wp-json\/wp\/v2\/media?parent=16"}],"curies":[{"name":"wp","href":"https:\/\/api.w.org\/{rel}","templated":true}]}}