{"id":35,"date":"2008-11-12T16:37:41","date_gmt":"2008-11-12T21:37:41","guid":{"rendered":"http:\/\/sites.la.utexas.edu\/persian_online_resources\/?page_id=35"},"modified":"2009-05-06T14:19:04","modified_gmt":"2009-05-06T20:19:04","slug":"calendar","status":"publish","type":"page","link":"https:\/\/sites.la.utexas.edu\/persian_online_resources\/numbers-1\/calendar\/","title":{"rendered":"Calendar"},"content":{"rendered":"<p>Days of the Week:<\/p>\n<table class=\"border\">\n<tbody>\n<tr>\n<td>Saturday<\/td>\n<td><em>shanbeh<\/em><\/td>\n<td align=\"right\">[tag resources calendar_20]\u0634\u0646\u0628\u0647[\/tag]<\/h5>\n<\/td>\n<\/tr>\n<tr>\n<td>Sunday<\/td>\n<td><em>yek shanbeh<\/em><\/td>\n<td align=\"right\">[tag resources calendar_21]\u06cc\u06a9 \u0634\u0646\u0628\u0647[\/tag]<\/h5>\n<\/td>\n<\/tr>\n<tr>\n<td>Monday<\/td>\n<td><em>do shanbeh<\/em><\/td>\n<td align=\"right\">[tag resources calendar_22]\u062f\u0648 \u0634\u0646\u0628\u0647[\/tag]<\/h5>\n<\/td>\n<\/tr>\n<tr>\n<td>Tuesday<\/td>\n<td><em>seh shanbeh<\/em><\/td>\n<td align=\"right\">[tag resources calendar_23]\u0633\u0647 \u0634\u0646\u0628\u0647[\/tag]<\/h5>\n<\/td>\n<\/tr>\n<tr>\n<td>Wednesday<\/td>\n<td><em> chah\u0101r shanbeh <\/em><\/td>\n<td align=\"right\">[tag resources calendar_24]\u0686\u0647\u0627\u0631 \u0634\u0646\u0628\u0647[\/tag]<\/h5>\n<\/td>\n<\/tr>\n<tr>\n<td>Thursday<\/td>\n<td><em>panj shanbeh<\/em><\/td>\n<td align=\"right\">[tag resources calendar_25]\u067e\u0646\u062c \u0634\u0646\u0628\u0647[\/tag]<\/h5>\n<\/td>\n<\/tr>\n<tr>\n<td>Friday<\/td>\n<td><em>jom\u2019eh<\/em><\/td>\n<td align=\"right\">[tag resources calendar_26]\u062c\u0645\u0639\u0647[\/tag]<\/h5>\n<\/td>\n<\/tr>\n<\/tbody>\n<\/table>\n<p>The Iranian calendar is a solar calendar which begins on the first day of spring and ends on the last day of winter.  Hence, the first three months correspond exactly with spring, the second three months with summer, the third three months with autumn, and the last three months with winter.  The first six months are 31 days each; the next five months are 30 days each; the last month, <em>Esfand<\/em>, is 29 days (30 days, every four years) \u0633\u0627\u0644 \u06a9\u0628\u06cc\u0633\u0647 <em>s\u0101l-e kabise<\/em> \u2018leap year.\u2019  The first day of the year (<em>Farvardin 1<\/em>) is called <em>Nowruz<\/em> (literally New Day).  The Iranian New Year holiday is celebrated from <em>Farvardin 1<\/em> to <em>Farvardin 13<\/em>.<\/p>\n<p>The Islamic lunar calendar is also used in Iran for religious observances.  The Western calendar is generally used for international purposes.  A typical printed calendar in Iran shows the Iranian calendar accompanied by corresponding Islamic lunar and Western calendars.<\/p>\n<p>\u06f1-[tag resources calendar_01] \u0628\u0647\u0627\u0631 [\/tag]\u2018spring\u2019 <em>bah\u0101r<\/em>:<\/p>\n<h5>[tag resources calendar_02]\u0641\u0631\u0648\u0631\u062f\u06cc\u0646[\/tag]<br \/>\n<em>Farvardin<\/em><br \/>\n(March 21 &#8211; April 20)<br \/>\n[tag resources calendar_03]\u0627\u0631\u062f\u06cc\u0628\u0647\u0634\u062a[\/tag]<br \/>\n<em>Ordibehesht<\/em><br \/>\n(April 21 &#8211; May 20)<br \/>\n[tag resources calendar_04]\u062e\u0631\u062f\u0627\u062f[\/tag]<br \/>\n<em>Khord\u0101d<\/em><br \/>\n(May 21 &#8211; June 20)<\/h5>\n<p>\u06f2-[tag resources calendar_05] \u062a\u0627\u0628\u0633\u062a\u0627\u0646 [\/tag]\u2018summer\u2019 <em>t\u0101best\u0101n<\/em>:<\/p>\n<h5>[tag resources calendar_06]\u062a\u06cc\u0631[\/tag]<br \/>\n<em>Tir<\/em><br \/>\n(June 21 &#8211; July 20)<br \/>\n[tag resources calendar_07]\u0645\u0631\u062f\u0627\u062f[\/tag]<br \/>\n<em>Mord\u0101d<\/em><br \/>\n(July 21 &#8211; August 20)<br \/>\n[tag resources calendar_08]\u0634\u0647\u0631\u06cc\u0648\u0631[\/tag]<br \/>\n<em>Shahrivar<\/em><br \/>\n(August 21 &#8211; September 20)<\/h5>\n<p>\u06f3-[tag resources calendar_09] \u067e\u0627\u06cc\u06cc\u0632\u066c \u062e\u0632\u0627\u0646\u066c \u0628\u0631\u06af\u0631\u06cc\u0632\u0627\u0646 [\/tag]\u2018fall or autumn\u2019 <em>p\u0101yiz y\u0101 xaz\u0101n y\u0101 bargriz\u0101n<\/em>:<\/p>\n<h5>[tag resources calendar_10]\u0645\u0647\u0631[\/tag]<br \/>\n<em>Mehr<\/em><br \/>\n(September 21 &#8211; October 20)<br \/>\n[tag resources calendar_11]\u0622\u0628\u0627\u0646[\/tag]<br \/>\n<em>Ab\u0101n<\/em><br \/>\n(October 21 &#8211; November 20)<br \/>\n[tag resources calendar_12]\u0622\u0630\u0631[\/tag]<br \/>\n<em>Azar<\/em><br \/>\n(November 21 &#8211; Dec. 20 )<\/h5>\n<p>\u06f4-[tag resources calendar_13] \u0632\u0645\u0633\u062a\u0627\u0646 [\/tag]\u2018winter\u2019 zemest\u0101n:<\/p>\n<h5>[tag resources calendar_14]\u062f\u06cc[\/tag]<br \/>\n<em>Dey<\/em><br \/>\n(December 21 &#8211; January 20)<br \/>\n[tag resources calendar_15]\u0628\u0647\u0645\u0646[\/tag]<br \/>\n<em>Bahman<\/em><br \/>\n(January 21 &#8211; February 20)<br \/>\n[tag resources calendar_16]\u0627\u0633\u0641\u0646\u062f[\/tag]<br \/>\n<em>Esfand<\/em><br \/>\n(February 21 &#8211; March 20)<\/h5>\n","protected":false},"excerpt":{"rendered":"<p>Days of the Week: Saturday shanbeh [tag resources calendar_20]\u0634\u0646\u0628\u0647[\/tag] Sunday yek shanbeh [tag resources calendar_21]\u06cc\u06a9 \u0634\u0646\u0628\u0647[\/tag] Monday do shanbeh [tag resources calendar_22]\u062f\u0648 \u0634\u0646\u0628\u0647[\/tag] Tuesday seh shanbeh [tag resources calendar_23]\u0633\u0647 \u0634\u0646\u0628\u0647[\/tag] Wednesday chah\u0101r shanbeh [tag resources calendar_24]\u0686\u0647\u0627\u0631 \u0634\u0646\u0628\u0647[\/tag] Thursday panj shanbeh [tag resources calendar_25]\u067e\u0646\u062c \u0634\u0646\u0628\u0647[\/tag] Friday jom\u2019eh [tag resources calendar_26]\u062c\u0645\u0639\u0647[\/tag] The Iranian calendar is a solar [&hellip;]<\/p>\n","protected":false},"author":289,"featured_media":0,"parent":65,"menu_order":4,"comment_status":"closed","ping_status":"open","template":"","meta":{"footnotes":""},"class_list":["post-35","page","type-page","status-publish","hentry"],"_links":{"self":[{"href":"https:\/\/sites.la.utexas.edu\/persian_online_resources\/wp-json\/wp\/v2\/pages\/35","targetHints":{"allow":["GET"]}}],"collection":[{"href":"https:\/\/sites.la.utexas.edu\/persian_online_resources\/wp-json\/wp\/v2\/pages"}],"about":[{"href":"https:\/\/sites.la.utexas.edu\/persian_online_resources\/wp-json\/wp\/v2\/types\/page"}],"author":[{"embeddable":true,"href":"https:\/\/sites.la.utexas.edu\/persian_online_resources\/wp-json\/wp\/v2\/users\/289"}],"replies":[{"embeddable":true,"href":"https:\/\/sites.la.utexas.edu\/persian_online_resources\/wp-json\/wp\/v2\/comments?post=35"}],"version-history":[{"count":34,"href":"https:\/\/sites.la.utexas.edu\/persian_online_resources\/wp-json\/wp\/v2\/pages\/35\/revisions"}],"predecessor-version":[{"id":4207,"href":"https:\/\/sites.la.utexas.edu\/persian_online_resources\/wp-json\/wp\/v2\/pages\/35\/revisions\/4207"}],"up":[{"embeddable":true,"href":"https:\/\/sites.la.utexas.edu\/persian_online_resources\/wp-json\/wp\/v2\/pages\/65"}],"wp:attachment":[{"href":"https:\/\/sites.la.utexas.edu\/persian_online_resources\/wp-json\/wp\/v2\/media?parent=35"}],"curies":[{"name":"wp","href":"https:\/\/api.w.org\/{rel}","templated":true}]}}