{"id":3978,"date":"2009-05-05T12:30:26","date_gmt":"2009-05-05T18:30:26","guid":{"rendered":"http:\/\/sites.la.utexas.edu\/persian_online_resources\/vocabularly-lists\/continents-countries\/"},"modified":"2009-05-12T10:22:13","modified_gmt":"2009-05-12T16:22:13","slug":"continents-countries","status":"publish","type":"page","link":"https:\/\/sites.la.utexas.edu\/persian_online_resources\/vocabulary-lists\/continents-countries\/","title":{"rendered":"Continents &amp; Countries List"},"content":{"rendered":"<p>Click play to hear a list of all the words on this page in a sequence. Listen, follow along with the Persian, try to pronounce them, and memorize them.<\/p>\n<script src=\"\/\/cdn.la.utexas.edu\/jwplayer\/jwplayer-7.10.1\/jwplayer.js\" ><\/script><script>jwplayer.key=\"axpMLPIjkQ+YPUQnxi1VcSuBHeVYrqIgAyJl6hhEY5k=\";<\/script><div id=\"audio\">Loading the player...<\/div><script type=\"text\/javascript\">  var playerInstance = jwplayer(\"audio\");  playerInstance.setup({    file: \"\/wp-content\/themes\/persian_online_e1\/sounds\/continents_and_countries.mp3\",    width: 640,    height: 40  });<\/script>\n<table class=\"border\" border=\"0\" cellpadding=\"15\" width=\"450\">\n<h3>\u0642\u0627\u0631\u0647 \u0647\u0627 \u0648 \u06a9\u0634\u0648\u0631 \u0647\u0627 <\/h3>\n<tbody>\n<tr>\n<td>Where were you born?<\/td>\n<td><em> koj\u0101 bedony\u0101 \u016bmad\u012bd?<\/em><\/td>\n<td bgcolor=\"#dfffe7\">\n<h4>\u06a9\u062c\u0627 \u0628\u062f\u0646\u06cc\u0627 \u0622\u0645\u062f\u06cc\u062f\u061f<\/h4>\n<\/td>\n<\/tr>\n<tr>\n<td>North America<\/td>\n<td><em> \u0101mr\u012bk\u0101y-e shom\u0101l\u012b<\/em><\/td>\n<td bgcolor=\"#dfffe7\">\n<h4>\u0622\u0645\u0631\u06cc\u06a9\u0627\u06cc \u0634\u0645\u0627\u0644\u06cc<\/h4>\n<\/td>\n<\/tr>\n<tr>\n<td>Canada<\/td>\n<td><em> k\u0101n\u0101d\u0101<\/em><\/td>\n<td bgcolor=\"#dfffe7\">\n<h4>\u06a9\u0627\u0646\u0627\u062f\u0627<\/h4>\n<\/td>\n<\/tr>\n<tr>\n<td>United States<\/td>\n<td><em> \u0101mr\u012bk\u0101<\/em><\/td>\n<td bgcolor=\"#dfffe7\">\n<h4>\u0622\u0645\u0631\u06cc\u06a9\u0627<\/h4>\n<\/td>\n<\/tr>\n<tr>\n<td>Mexico<\/td>\n<td><em> mekz\u012bk<\/em><\/td>\n<td bgcolor=\"#dfffe7\">\n<h4>\u0645\u06a9\u0632\u06cc\u06a9<\/h4>\n<\/td>\n<\/tr>\n<tr>\n<td>Africa<\/td>\n<td><em>\u0101fr\u012bq\u0101<\/em><\/td>\n<td bgcolor=\"#dfffe7\">\n<h4>\u0622\u0641\u0631\u06cc\u0642\u0627<\/h4>\n<\/td>\n<\/tr>\n<tr>\n<td>Algeria<\/td>\n<td><em> aljaz\u012bre <\/em><\/td>\n<td bgcolor=\"#dfffe7\">\n<h4>\u0627\u0644\u062c\u0632\u06cc\u0631\u0647<\/h4>\n<\/td>\n<\/tr>\n<tr>\n<td>Egypt<\/td>\n<td><em> mesr <\/em><\/td>\n<td bgcolor=\"#dfffe7\">\n<h4>\u0645\u0635\u0631<\/h4>\n<\/td>\n<\/tr>\n<tr>\n<td>South Africa<\/td>\n<td><em> \u0101fr\u012bq\u0101y-e jonob\u012b <\/em><\/td>\n<td bgcolor=\"#dfffe7\">\n<h4>\u0622\u0641\u0631\u06cc\u0642\u0627\u06cc \u062c\u0646\u0648\u0628\u06cc<\/h4>\n<\/td>\n<\/tr>\n<tr>\n<td>Morocco<\/td>\n<td><em> mar\u0101kesh<\/em><\/td>\n<td bgcolor=\"#dfffe7\">\n<h4>\u0645\u0631\u0627\u06a9\u0634<\/h4>\n<\/td>\n<\/tr>\n<tr>\n<td>South America<\/td>\n<td><em> \u0101mr\u012bk\u0101y-e jonob\u012b<\/em><\/td>\n<td bgcolor=\"#dfffe7\">\n<h4>\u0622\u0645\u0631\u06cc\u06a9\u0627\u06cc \u062c\u0646\u0648\u0628\u06cc<\/h4>\n<\/td>\n<\/tr>\n<tr>\n<td>Brazil<\/td>\n<td><em> berez\u012bl <\/em><\/td>\n<td bgcolor=\"#dfffe7\">\n<h4>\u0628\u0631\u0632\u06cc\u0644<\/h4>\n<\/td>\n<\/tr>\n<tr>\n<td>Peru<\/td>\n<td><em> per\u016b<\/em><\/td>\n<td bgcolor=\"#dfffe7\">\n<h4>\u067e\u0631\u0648<\/h4>\n<\/td>\n<\/tr>\n<tr>\n<td>Argentina<\/td>\n<td><em> \u0101rzh\u0101nt\u012bn <\/em><\/td>\n<td bgcolor=\"#dfffe7\">\n<h4>\u0622\u0631\u0698\u0627\u0646\u062a\u06cc\u0646<\/h4>\n<\/td>\n<\/tr>\n<tr>\n<td>Europe<\/td>\n<td><em> or\u016bp\u0101 <\/em><\/td>\n<td bgcolor=\"#dfffe7\">\n<h4>\u0627\u0631\u0648\u067e\u0627<\/h4>\n<\/td>\n<\/tr>\n<tr>\n<td>England<\/td>\n<td><em> engel\u012bs\/engelest\u0101n<\/em><\/td>\n<td bgcolor=\"#dfffe7\">\n<h4>\u0627\u0646\u06af\u0644\u06cc\u0633\/\u0627\u0646\u06af\u0644\u0633\u062a\u0627\u0646<\/h4>\n<\/td>\n<\/tr>\n<tr>\n<td>France<\/td>\n<td><em> belzh\u012bk<\/em><\/td>\n<td bgcolor=\"#dfffe7\">\n<h4>\u0641\u0631\u0627\u0646\u0633\u0647<\/h4>\n<\/td>\n<\/tr>\n<tr>\n<td>Belgium<\/td>\n<td><em> belzh\u012bk <\/em><\/td>\n<td bgcolor=\"#dfffe7\">\n<h4>\u0628\u0644\u0698\u06cc\u06a9<\/h4>\n<\/td>\n<\/tr>\n<tr>\n<td>Italy<\/td>\n<td><em> \u012bt\u0101l\u012by\u0101 <\/em><\/td>\n<td bgcolor=\"#dfffe7\">\n<h4>\u0627\u06cc\u062a\u0627\u0644\u06cc\u0627<\/h4>\n<\/td>\n<\/tr>\n<tr>\n<td>Germany<\/td>\n<td><em> \u0101lm\u0101n <\/em><\/td>\n<td bgcolor=\"#dfffe7\">\n<h4>\u0622\u0644\u0645\u0627\u0646<\/h4>\n<\/td>\n<\/tr>\n<tr>\n<td>Spain<\/td>\n<td><em> esp\u0101n\u012by\u0101<\/em><\/td>\n<td bgcolor=\"#dfffe7\">\n<h4>\u0627\u0633\u067e\u0627\u0646\u06cc\u0627<\/h4>\n<\/td>\n<\/tr>\n<tr>\n<td>Switzerland<\/td>\n<td><em> s\u016b\u012bs<\/em><\/td>\n<td bgcolor=\"#dfffe7\">\n<h4>\u0633\u0648\u06cc\u0633<\/h4>\n<\/td>\n<\/tr>\n<tr>\n<td>Asia<\/td>\n<td><em> \u0101s\u012by\u0101 <\/em><\/td>\n<td bgcolor=\"#dfffe7\">\n<h4>\u0622\u0633\u06cc\u0627<\/h4>\n<\/td>\n<\/tr>\n<tr>\n<td>China<\/td>\n<td><em> ch\u012bn<\/em><\/td>\n<td bgcolor=\"#dfffe7\">\n<h4>\u0686\u06cc\u0646<\/h4>\n<\/td>\n<\/tr>\n<tr>\n<td>Japan<\/td>\n<td><em> zh\u0101pon<\/em><\/td>\n<td bgcolor=\"#dfffe7\">\n<h4>\u0698\u0627\u067e\u0646<\/h4>\n<\/td>\n<\/tr>\n<tr>\n<td>India<\/td>\n<td><em> hend\/hendost\u0101n<\/em><\/td>\n<td bgcolor=\"#dfffe7\">\n<h4>\u0647\u0646\u062f\/\u0647\u0646\u062f\u0648\u0633\u062a\u0627\u0646<\/h4>\n<\/td>\n<\/tr>\n<tr>\n<td>Afghanistan<\/td>\n<td><em> afgh\u0101nest\u0101n <\/em><\/td>\n<td bgcolor=\"#dfffe7\">\n<h4>\u0627\u0641\u063a\u0627\u0646\u0633\u062a\u0627\u0646<\/h4>\n<\/td>\n<\/tr>\n<tr>\n<td>Turkey<\/td>\n<td><em> tork\u012bye <\/em><\/td>\n<td bgcolor=\"#dfffe7\">\n<h4>\u062a\u0631\u06a9\u06cc\u0647<\/h4>\n<\/td>\n<\/tr>\n<tr>\n<td>Tajikistan<\/td>\n<td><em> t\u0101j\u012bkest\u0101n <\/em><\/td>\n<td bgcolor=\"#dfffe7\">\n<h4>\u062a\u0627\u062c\u06cc\u06a9\u0633\u062a\u0627\u0646<\/h4>\n<\/td>\n<\/tr>\n<tr>\n<td>Pakistan<\/td>\n<td><em> p\u0101kest\u0101n <\/em><\/td>\n<td bgcolor=\"#dfffe7\">\n<h4>\u067e\u0627\u06a9\u0633\u062a\u0627\u0646<\/h4>\n<\/td>\n<\/tr>\n<tr>\n<td>Oceania<\/td>\n<td><em> oqy\u0101n\u016bs\u012bye <\/em><\/td>\n<td bgcolor=\"#dfffe7\">\n<h4>\u0627\u0642\u06cc\u0627\u0646\u0648\u0633\u06cc\u0647<\/h4>\n<\/td>\n<\/tr>\n<tr>\n<td>Australia<\/td>\n<td><em> ostor\u0101l\u012by\u0101<\/em><\/td>\n<td bgcolor=\"#dfffe7\">\n<h4>\u0627\u0633\u062a\u0631\u0627\u0644\u06cc\u0627<\/h4>\n<\/td>\n<\/tr>\n<\/tbody>\n<\/table>\n<p><a href=\"http:\/\/sites.la.utexas.edu\/wp-content\/themes\/persian_online_e1\/content_images\/world_map2.jpg\">[img persian_online_e1 frame]world_map.jpg[\/img]<\/a><\/p>\n","protected":false},"excerpt":{"rendered":"<p>Click play to hear a list of all the words on this page in a sequence. Listen, follow along with the Persian, try to pronounce them, and memorize them. \u0642\u0627\u0631\u0647 \u0647\u0627 \u0648 \u06a9\u0634\u0648\u0631 \u0647\u0627 Where were you born? koj\u0101 bedony\u0101 \u016bmad\u012bd? \u06a9\u062c\u0627 \u0628\u062f\u0646\u06cc\u0627 \u0622\u0645\u062f\u06cc\u062f\u061f North America \u0101mr\u012bk\u0101y-e shom\u0101l\u012b \u0622\u0645\u0631\u06cc\u06a9\u0627\u06cc \u0634\u0645\u0627\u0644\u06cc Canada k\u0101n\u0101d\u0101 \u06a9\u0627\u0646\u0627\u062f\u0627 United States [&hellip;]<\/p>\n","protected":false},"author":289,"featured_media":0,"parent":3931,"menu_order":10,"comment_status":"closed","ping_status":"closed","template":"","meta":{"footnotes":""},"class_list":["post-3978","page","type-page","status-publish","hentry"],"_links":{"self":[{"href":"https:\/\/sites.la.utexas.edu\/persian_online_resources\/wp-json\/wp\/v2\/pages\/3978","targetHints":{"allow":["GET"]}}],"collection":[{"href":"https:\/\/sites.la.utexas.edu\/persian_online_resources\/wp-json\/wp\/v2\/pages"}],"about":[{"href":"https:\/\/sites.la.utexas.edu\/persian_online_resources\/wp-json\/wp\/v2\/types\/page"}],"author":[{"embeddable":true,"href":"https:\/\/sites.la.utexas.edu\/persian_online_resources\/wp-json\/wp\/v2\/users\/289"}],"replies":[{"embeddable":true,"href":"https:\/\/sites.la.utexas.edu\/persian_online_resources\/wp-json\/wp\/v2\/comments?post=3978"}],"version-history":[{"count":7,"href":"https:\/\/sites.la.utexas.edu\/persian_online_resources\/wp-json\/wp\/v2\/pages\/3978\/revisions"}],"predecessor-version":[{"id":4380,"href":"https:\/\/sites.la.utexas.edu\/persian_online_resources\/wp-json\/wp\/v2\/pages\/3978\/revisions\/4380"}],"up":[{"embeddable":true,"href":"https:\/\/sites.la.utexas.edu\/persian_online_resources\/wp-json\/wp\/v2\/pages\/3931"}],"wp:attachment":[{"href":"https:\/\/sites.la.utexas.edu\/persian_online_resources\/wp-json\/wp\/v2\/media?parent=3978"}],"curies":[{"name":"wp","href":"https:\/\/api.w.org\/{rel}","templated":true}]}}