{"id":4010,"date":"2009-05-05T13:12:57","date_gmt":"2009-05-05T19:12:57","guid":{"rendered":"http:\/\/sites.la.utexas.edu\/persian_online_resources\/vocabularly-lists\/processed-foods\/"},"modified":"2009-05-12T10:05:23","modified_gmt":"2009-05-12T16:05:23","slug":"processed-foods","status":"publish","type":"page","link":"https:\/\/sites.la.utexas.edu\/persian_online_resources\/vocabulary-lists\/processed-foods\/","title":{"rendered":"Processed Foods List"},"content":{"rendered":"<p>Click play to hear a list of all the words on this page in a sequence. Listen, follow along with the Persian, try to pronounce them, and memorize them.<\/p>\n<script src=\"\/\/cdn.la.utexas.edu\/jwplayer\/jwplayer-7.10.1\/jwplayer.js\" ><\/script><script>jwplayer.key=\"axpMLPIjkQ+YPUQnxi1VcSuBHeVYrqIgAyJl6hhEY5k=\";<\/script><div id=\"audio\">Loading the player...<\/div><script type=\"text\/javascript\">  var playerInstance = jwplayer(\"audio\");  playerInstance.setup({    file: \"\/wp-content\/themes\/persian_online_e1\/sounds\/process_food.mp3\",    width: 640,    height: 40  });<\/script>\n<h3>\u0645\u0648\u0627\u062f \u063a\u0630\u0627\u06cc\u06cc \u0648 \u063a\u0630\u0627\u0647\u0627\u06cc \u0645\u062e\u062a\u0644\u0641 <\/h3>\n<table class=\"border\" border=\"0\" cellspacing=\"0\" width=\"70%\">\n<tbody>\n<tr>\n<td>[img persian_online_e1]nan.jpg[\/img]<\/td>\n<td>[img persian_online_e1]food2.png[\/img]<\/td>\n<td>[img persian_online_e1]food3.png[\/img]<\/td>\n<td>[img persian_online_e1]food4.png[\/img]<\/td>\n<\/tr>\n<tr>\n<td align=\"center\">\u0646\u0627\u0646<br \/>\n<em>n\u0101n<br \/>\n<\/em> \u2018bread\u2019<\/td>\n<td align=\"center\">\u067e\u0646\u06cc\u0631<br \/>\n<em>pan\u012br<br \/>\n<\/em> \u2018cheese\u2019<\/td>\n<td align=\"center\">\u06a9\u0631\u0647<br \/>\n<em>kare<br \/>\n<\/em> \u2018butter\u2019<\/td>\n<td align=\"center\">\u0634\u06cc\u0631<br \/>\n<em>sh\u012br<br \/>\n<\/em> \u2018milk\u2019<\/td>\n<\/tr>\n<tr>\n<td>[img persian_online_e1]food5.png[\/img]<\/td>\n<td>[img persian_online_e1]food6.png[\/img]<\/td>\n<td>[img persian_online_e1]food7.png[\/img]<\/td>\n<td>[img persian_online_e1]food8.png[\/img]<\/td>\n<\/tr>\n<tr>\n<td align=\"center\">\u0645\u0627\u0633\u062a<br \/>\n<em>m\u0101st<br \/>\n<\/em> \u2018yoghurt\u2019<\/td>\n<td align=\"center\">\u062a\u062e\u0645 \u0645\u0631\u063a<br \/>\n<em>tokhm-e morgh<br \/>\n<\/em> \u2018egg&#8217;<\/td>\n<td align=\"center\">\u062a\u062e\u0645 \u0645\u0631\u063a \u0639\u0633\u0644\u06cc<br \/>\n<em>tokhm-e morgh-e asal\u012b<br \/>\n<\/em> \u2018three-minute egg&#8217;<\/td>\n<td align=\"center\">\u0646\u06cc\u0645\u0631\u0648<br \/>\n<em>n\u012bmr\u016b<br \/>\n<\/em> \u2018fried eggs, sunny side up eggs&#8217;<\/td>\n<\/tr>\n<tr>\n<td>[img persian_online_e1]food9.png[\/img]<\/td>\n<td>[img persian_online_e1]food10.png[\/img]<\/td>\n<td>[img persian_online_e1]food11.png[\/img]<\/td>\n<td>[img persian_online_e1]food12.png[\/img]<\/td>\n<\/tr>\n<tr>\n<td align=\"center\">\u062a\u062e\u0645 \u0645\u0631\u063a \u0622\u0628 \u067e\u0632<br \/>\n<em>tokhm-e morgh-e \u0101bpaz<br \/>\n<\/em> \u2018hard boiled egg&#8217;<\/td>\n<td align=\"center\">\u062e\u0627\u06af\u06cc\u0646\u0647<br \/>\n<em>kh\u0101g\u012bne<br \/>\n<\/em> \u2018scrambled eggs&#8217;<\/td>\n<td align=\"center\">\u0627\u0645\u0644\u062a<br \/>\n<em>omlet<br \/>\n<\/em> \u2018omelet&#8217;<\/td>\n<td align=\"center\">\u0632\u06cc\u062a\u0648\u0646<br \/>\n<em>zeyt\u016bn<br \/>\n<\/em> \u2018olive\u2019<\/td>\n<\/tr>\n<tr>\n<td>[img persian_online_e1]food13.png[\/img]<\/td>\n<td>[img persian_online_e1]food14.png[\/img]<\/td>\n<td>[img persian_online_e1]food15.png[\/img]<\/td>\n<td>[img persian_online_e1]food16.png[\/img]<\/td>\n<\/tr>\n<tr>\n<td align=\"center\">\u0645\u0627\u0647\u06cc<br \/>\n<em>m\u0101h\u012b<br \/>\n<\/em> \u2018fish\u2019<\/td>\n<td align=\"center\">\u0633\u0627\u0631\u062f\u06cc\u0646<em>s\u0101rd\u012bn<br \/>\n<\/em>\u2018sardines&#8217;<\/td>\n<td align=\"center\">\u0645\u06cc\u06af\u0648<br \/>\n<em>meyg\u016b<br \/>\n<\/em> \u2018shrimp, prawn&#8217;<\/td>\n<td align=\"center\">\u062a\u0646 \u0645\u0627\u0647\u06cc<br \/>\n<em>ton-e m\u0101h\u012b<br \/>\n<\/em> \u2018tuna&#8217;<\/td>\n<\/tr>\n<tr>\n<td>[img persian_online_e1]food17.png[\/img]<\/td>\n<td>[img persian_online_e1]food18.png[\/img]<\/td>\n<td>[img persian_online_e1]food19.png[\/img]<\/td>\n<td>[img persian_online_e1]food20.png[\/img]<\/td>\n<\/tr>\n<tr>\n<td align=\"center\">\u06af\u0648\u0634\u062a \u06af\u0627\u0648<br \/>\n<em>g\u016bsht-e g\u0101v<br \/>\n<\/em> \u2018beef&#8217;<\/td>\n<td align=\"center\">\u06af\u0648\u0634\u062a \u06af\u0648\u0633\u0641\u0646\u062f<br \/>\n<em>g\u016bsht-e g\u016bsfand<br \/>\n<\/em> \u2018lamb&#8217;<\/td>\n<td align=\"center\">\u06a9\u0628\u0627\u0628 \u062a\u0631\u06a9\u06cc<br \/>\n<em>kab\u0101b-e tork\u012b<br \/>\n<\/em>\u2018shwarma&#8217;<\/td>\n<td align=\"center\">\u0645\u0631\u063a<br \/>\n<em>morgh<br \/>\n<\/em> \u2018chicken, hen&#8217;<\/td>\n<\/tr>\n<tr>\n<td>[img persian_online_e1]food21.png[\/img]<\/td>\n<td>[img persian_online_e1]food22.png[\/img]<\/td>\n<td>[img persian_online_e1]food23.png[\/img]<\/td>\n<td>[img persian_online_e1]food24.png[\/img]<\/td>\n<\/tr>\n<tr>\n<td align=\"center\">\u0633\u0627\u0646\u062f\u0648\u06cc\u0686<br \/>\n<em>s\u0101ndev\u012bch<br \/>\n<\/em> \u2018sandwich\u2019<\/td>\n<td align=\"center\">\u0633\u0648\u0633\u06cc\u0633<em>sos\u012bs<br \/>\n<\/em> \u2018hot dog\u2019<\/td>\n<td align=\"center\">\u0647\u0627\u0645\u0628\u0631\u06af\u0631<br \/>\n<em>h\u0101mberger<br \/>\n<\/em> \u2018hamburger\u2019<\/td>\n<td align=\"center\">\u0633\u0648\u067e<br \/>\n<em>s\u016bp<br \/>\n<\/em>\u2018soup\u2019<\/td>\n<\/tr>\n<tr>\n<td>[img persian_online_e1]food25.png[\/img]<\/td>\n<td>[img persian_online_e1]food26.png[\/img]<\/td>\n<td>[img persian_online_e1]food27.png[\/img]<\/td>\n<td>[img persian_online_e1]food28.png[\/img]<\/td>\n<\/tr>\n<tr>\n<td align=\"center\">\u067e\u06cc\u062a\u0632\u0627<br \/>\n<em>p\u012btz\u0101<br \/>\n<\/em> \u2018pizza\u2019<\/td>\n<td align=\"center\">\u0645\u0627\u06a9\u0627\u0631\u0648\u0646\u06cc<br \/>\n<em>m\u0101k\u0101r\u016bn\u012b<br \/>\n<\/em> \u2018macaroni, pasta\u2019<\/td>\n<td align=\"center\">\u0686\u06cc\u067e\u0633<br \/>\n<em>ch\u012bps<br \/>\n<\/em> \u2018potato chips\u2019<\/td>\n<td align=\"center\">\u0633\u06cc\u0628 \u0632\u0645\u06cc\u0646\u06cc \u0633\u0631\u062e \u06a9\u0631\u062f\u0647<br \/>\n<em>s\u012bbzam\u012bn\u012b-ye sorkhkarde<br \/>\n<\/em> \u2018French fries&#8217;<\/td>\n<\/tr>\n<\/tbody>\n<\/table>\n","protected":false},"excerpt":{"rendered":"<p>Click play to hear a list of all the words on this page in a sequence. Listen, follow along with the Persian, try to pronounce them, and memorize them. \u0645\u0648\u0627\u062f \u063a\u0630\u0627\u06cc\u06cc \u0648 \u063a\u0630\u0627\u0647\u0627\u06cc \u0645\u062e\u062a\u0644\u0641 [img persian_online_e1]nan.jpg[\/img] [img persian_online_e1]food2.png[\/img] [img persian_online_e1]food3.png[\/img] [img persian_online_e1]food4.png[\/img] \u0646\u0627\u0646 n\u0101n \u2018bread\u2019 \u067e\u0646\u06cc\u0631 pan\u012br \u2018cheese\u2019 \u06a9\u0631\u0647 kare \u2018butter\u2019 \u0634\u06cc\u0631 sh\u012br \u2018milk\u2019 [img [&hellip;]<\/p>\n","protected":false},"author":289,"featured_media":0,"parent":3931,"menu_order":16,"comment_status":"closed","ping_status":"closed","template":"","meta":{"footnotes":""},"class_list":["post-4010","page","type-page","status-publish","hentry"],"_links":{"self":[{"href":"https:\/\/sites.la.utexas.edu\/persian_online_resources\/wp-json\/wp\/v2\/pages\/4010","targetHints":{"allow":["GET"]}}],"collection":[{"href":"https:\/\/sites.la.utexas.edu\/persian_online_resources\/wp-json\/wp\/v2\/pages"}],"about":[{"href":"https:\/\/sites.la.utexas.edu\/persian_online_resources\/wp-json\/wp\/v2\/types\/page"}],"author":[{"embeddable":true,"href":"https:\/\/sites.la.utexas.edu\/persian_online_resources\/wp-json\/wp\/v2\/users\/289"}],"replies":[{"embeddable":true,"href":"https:\/\/sites.la.utexas.edu\/persian_online_resources\/wp-json\/wp\/v2\/comments?post=4010"}],"version-history":[{"count":7,"href":"https:\/\/sites.la.utexas.edu\/persian_online_resources\/wp-json\/wp\/v2\/pages\/4010\/revisions"}],"predecessor-version":[{"id":4362,"href":"https:\/\/sites.la.utexas.edu\/persian_online_resources\/wp-json\/wp\/v2\/pages\/4010\/revisions\/4362"}],"up":[{"embeddable":true,"href":"https:\/\/sites.la.utexas.edu\/persian_online_resources\/wp-json\/wp\/v2\/pages\/3931"}],"wp:attachment":[{"href":"https:\/\/sites.la.utexas.edu\/persian_online_resources\/wp-json\/wp\/v2\/media?parent=4010"}],"curies":[{"name":"wp","href":"https:\/\/api.w.org\/{rel}","templated":true}]}}