{"id":4042,"date":"2009-05-05T13:33:58","date_gmt":"2009-05-05T19:33:58","guid":{"rendered":"http:\/\/sites.la.utexas.edu\/persian_online_resources\/vocabularly-lists\/feilds-of-study\/"},"modified":"2009-05-12T10:12:36","modified_gmt":"2009-05-12T16:12:36","slug":"feilds-of-study","status":"publish","type":"page","link":"https:\/\/sites.la.utexas.edu\/persian_online_resources\/vocabulary-lists\/feilds-of-study\/","title":{"rendered":"Fields of Study List"},"content":{"rendered":"<p>Click play to hear a list of all the words on this page in a sequence. Listen, follow along with the Persian, try to pronounce them, and memorize them.<\/p>\n<p><script src=\"\/\/cdn.la.utexas.edu\/jwplayer\/jwplayer-7.10.1\/jwplayer.js\" ><\/script><script>jwplayer.key=\"axpMLPIjkQ+YPUQnxi1VcSuBHeVYrqIgAyJl6hhEY5k=\";<\/script><div id=\"audio\">Loading the player...<\/div><script type=\"text\/javascript\">  var playerInstance = jwplayer(\"audio\");  playerInstance.setup({    file: \"\/wp-content\/themes\/persian_online_e1\/sounds\/fields_of_study.mp3\",    width: 640,    height: 40  });<\/script><\/h3>\n<h3>\u0631\u0634\u062a\u0647\u200c\u0647\u0627<\/h3>\n<table class=\"border\" border=\"0\">\n<tbody>\n<tr>\n<td>Accounting<\/td>\n<td><em>hes\u0101bd\u0101ri<\/em><\/td>\n<td bgcolor=\"#dfffe7\">\n<h4>\u062d\u0633\u0627\u0628\u062f\u0627\u0631\u06cc<\/h4>\n<\/td>\n<\/tr>\n<tr>\n<td>Anthropology<\/td>\n<td><em>ens\u0101nshen\u0101si<\/em><\/td>\n<td bgcolor=\"#dfffe7\">\n<h4>\u0627\u0646\u0633\u0627\u0646\u200c\u0634\u0646\u0627\u0633\u06cc<\/h4>\n<\/td>\n<\/tr>\n<tr>\n<td>Art History<\/td>\n<td><em>t\u0101rikh-e honar<\/em><\/td>\n<td bgcolor=\"#dfffe7\">\n<h4>\u062a\u0627\u0631\u06cc\u062e \u0647\u0646\u0631<\/h4>\n<\/td>\n<\/tr>\n<tr>\n<td>Biology<\/td>\n<td><em>biolozhi<\/em><\/td>\n<td bgcolor=\"#dfffe7\">\n<h4>\u0628\u06cc\u0648\u0644\u0648\u0698\u06cc<\/h4>\n<\/td>\n<\/tr>\n<tr>\n<td>Biology<\/td>\n<td><em> zistshen\u0101si<\/em><\/td>\n<td bgcolor=\"#dfffe7\">\n<h4>\u0632\u06cc\u0633\u062a\u200c\u0634\u0646\u0627\u0633\u06cc<\/h4>\n<\/td>\n<\/tr>\n<tr>\n<td>Business<\/td>\n<td><em>b\u0101zarg\u0101ni<\/em><\/td>\n<td bgcolor=\"#dfffe7\">\n<h4>\u0628\u0627\u0632\u0631\u06af\u0627\u0646\u06cc<\/h4>\n<\/td>\n<\/tr>\n<tr>\n<td>Chemistry<\/td>\n<td><em>shimi<\/em><\/td>\n<td bgcolor=\"#dfffe7\">\n<h4>\u0634\u06cc\u0645\u06cc<\/h4>\n<\/td>\n<\/tr>\n<tr>\n<td>Computer Science<\/td>\n<td><em> \u2018olum-e k\u0101mpyutar<\/em><\/td>\n<td bgcolor=\"#dfffe7\">\n<h4>\u0639\u0644\u0648\u0645 \u06a9\u0627\u0645\u067e\u06cc\u0648\u062a\u0631<\/h4>\n<\/td>\n<\/tr>\n<tr>\n<td>Education<\/td>\n<td><em>ta\u2019lim o tarbiyat<\/em><\/td>\n<td bgcolor=\"#dfffe7\">\n<h4>\u062a\u0639\u0644\u06cc\u0645 \u0648 \u062a\u0631\u0628\u06cc\u062a<\/h4>\n<\/td>\n<\/tr>\n<tr>\n<td>Engineering<\/td>\n<td><em>mohandesi <\/em><\/td>\n<td bgcolor=\"#dfffe7\">\n<h4>\u0645\u0647\u0646\u062f\u0633\u06cc<\/h4>\n<\/td>\n<\/tr>\n<tr>\n<td>Electrical Engineering<\/td>\n<td><em>mohandesi-ye barq<\/em><\/td>\n<td bgcolor=\"#dfffe7\">\n<h4>\u0645\u0647\u0646\u062f\u0633\u06cc \u0628\u0631\u0642<\/h4>\n<\/td>\n<\/tr>\n<tr>\n<td>Mechanical Engineering<\/td>\n<td><em> mohandesi-ye mek\u0101nik<\/em><\/td>\n<td bgcolor=\"#dfffe7\">\n<h4>\u0645\u0647\u0646\u062f\u0633\u06cc \u0645\u06a9\u0627\u0646\u06cc\u06a9<\/h4>\n<\/td>\n<\/tr>\n<tr>\n<td>Petroleum Engineering<\/td>\n<td><em> mohandesi-ye naft<\/em><\/td>\n<td bgcolor=\"#dfffe7\">\n<h4>\u0645\u0647\u0646\u062f\u0633\u06cc \u0646\u0641\u062a<\/h4>\n<\/td>\n<\/tr>\n<tr>\n<td>English<\/td>\n<td><em>engelesi<\/em><\/td>\n<td bgcolor=\"#dfffe7\">\n<h4>\u0627\u0646\u06af\u0644\u0633\u06cc<\/h4>\n<\/td>\n<\/tr>\n<tr>\n<td>History<\/td>\n<td><em>tarikh<\/em><\/td>\n<td bgcolor=\"#dfffe7\">\n<h4>\u062a\u0627\u0631\u06cc\u062e<\/h4>\n<\/td>\n<\/tr>\n<tr>\n<td>Journalism<\/td>\n<td><em>ruzn\u0101meh-neg\u0101ri<\/em><\/td>\n<td bgcolor=\"#dfffe7\">\n<h4>\u0631\u0648\u0632\u0646\u0627\u0645\u0647\u200c\u0646\u06af\u0627\u0631\u06cc<\/h4>\n<\/td>\n<\/tr>\n<tr>\n<td>Library Science<\/td>\n<td><em>ket\u0101bshen\u0101si<\/em><\/td>\n<td bgcolor=\"#dfffe7\">\n<h4>\u06a9\u062a\u0627\u0628\u200c\u0634\u0646\u0627\u0633\u06cc<\/h4>\n<\/td>\n<\/tr>\n<tr>\n<td>Linguistics<\/td>\n<td><em>zab\u0101nshen\u0101si<\/em><\/td>\n<td bgcolor=\"#dfffe7\">\n<h4>\u0632\u0628\u0627\u0646\u200c\u0634\u0646\u0627\u0633\u06cc<\/h4>\n<\/td>\n<\/tr>\n<tr>\n<td>Mathematics<\/td>\n<td><em>ri\u0101zi<\/em><\/td>\n<td bgcolor=\"#dfffe7\">\n<h4>\u0631\u06cc\u0627\u0636\u06cc<\/h4>\n<\/td>\n<\/tr>\n<tr>\n<td>Medicine<\/td>\n<td><em>pezeshki<\/em><\/td>\n<td bgcolor=\"#dfffe7\">\n<h4>\u067e\u0632\u0634\u06a9\u06cc<\/h4>\n<\/td>\n<\/tr>\n<tr>\n<td>Middle Eastern Studies<\/td>\n<td><em>kh\u0101var-mi\u0101neh shen\u0101si<\/em><\/td>\n<td bgcolor=\"#dfffe7\">\n<h4>\u062e\u0627\u0648\u0631\u200c\u0645\u06cc\u0627\u0646\u0647\u200c\u0634\u0646\u0627\u0633\u06cc<\/h4>\n<\/td>\n<\/tr>\n<tr>\n<td>Persian<\/td>\n<td><em>f\u0101rsi<\/em><\/td>\n<td bgcolor=\"#dfffe7\">\n<h4>\u0641\u0627\u0631\u0633\u06cc<\/h4>\n<\/td>\n<\/tr>\n<tr>\n<td>Philosophy<\/td>\n<td><em>felsefeh<\/em><\/td>\n<td bgcolor=\"#dfffe7\">\n<h4>\u0641\u0644\u0633\u0641\u0647<\/h4>\n<\/td>\n<\/tr>\n<tr>\n<td>Physics<\/td>\n<td><em>fizik<\/em><\/td>\n<td bgcolor=\"#dfffe7\">\n<h4>\u0641\u06cc\u0632\u06cc\u06a9<\/h4>\n<\/td>\n<\/tr>\n<tr>\n<td>Political Science, Government<\/td>\n<td><em> \u2018olum-e si\u0101si<\/em><\/td>\n<td bgcolor=\"#dfffe7\">\n<h4>\u0639\u0644\u0648\u0645 \u0633\u06cc\u0627\u0633\u06cc<\/h4>\n<\/td>\n<\/tr>\n<tr>\n<td>Psychology<\/td>\n<td><em>rav\u0101nshen\u0101si<\/em><\/td>\n<td bgcolor=\"#dfffe7\">\n<h4>\u0631\u0648\u0627\u0646\u200c\u0634\u0646\u0627\u0633\u06cc<\/h4>\n<\/td>\n<\/tr>\n<tr>\n<td>Sociology<\/td>\n<td><em>j\u0101m\u2019eh shen\u0101si<\/em><\/td>\n<td bgcolor=\"#dfffe7\">\n<h4>\u062c\u0627\u0645\u0639\u0647\u200c\u0634\u0646\u0627\u0633\u06cc<\/h4>\n<\/td>\n<\/tr>\n<\/tbody>\n<\/table>\n<p>[img persian_online_e1 center]school5.jpg[\/img]<\/p>\n","protected":false},"excerpt":{"rendered":"<p>Click play to hear a list of all the words on this page in a sequence. Listen, follow along with the Persian, try to pronounce them, and memorize them. \u0631\u0634\u062a\u0647\u200c\u0647\u0627 Accounting hes\u0101bd\u0101ri \u062d\u0633\u0627\u0628\u062f\u0627\u0631\u06cc Anthropology ens\u0101nshen\u0101si \u0627\u0646\u0633\u0627\u0646\u200c\u0634\u0646\u0627\u0633\u06cc Art History t\u0101rikh-e honar \u062a\u0627\u0631\u06cc\u062e \u0647\u0646\u0631 Biology biolozhi \u0628\u06cc\u0648\u0644\u0648\u0698\u06cc Biology zistshen\u0101si \u0632\u06cc\u0633\u062a\u200c\u0634\u0646\u0627\u0633\u06cc Business b\u0101zarg\u0101ni \u0628\u0627\u0632\u0631\u06af\u0627\u0646\u06cc Chemistry shimi \u0634\u06cc\u0645\u06cc Computer [&hellip;]<\/p>\n","protected":false},"author":289,"featured_media":0,"parent":3931,"menu_order":19,"comment_status":"closed","ping_status":"closed","template":"","meta":{"footnotes":""},"class_list":["post-4042","page","type-page","status-publish","hentry"],"_links":{"self":[{"href":"https:\/\/sites.la.utexas.edu\/persian_online_resources\/wp-json\/wp\/v2\/pages\/4042","targetHints":{"allow":["GET"]}}],"collection":[{"href":"https:\/\/sites.la.utexas.edu\/persian_online_resources\/wp-json\/wp\/v2\/pages"}],"about":[{"href":"https:\/\/sites.la.utexas.edu\/persian_online_resources\/wp-json\/wp\/v2\/types\/page"}],"author":[{"embeddable":true,"href":"https:\/\/sites.la.utexas.edu\/persian_online_resources\/wp-json\/wp\/v2\/users\/289"}],"replies":[{"embeddable":true,"href":"https:\/\/sites.la.utexas.edu\/persian_online_resources\/wp-json\/wp\/v2\/comments?post=4042"}],"version-history":[{"count":5,"href":"https:\/\/sites.la.utexas.edu\/persian_online_resources\/wp-json\/wp\/v2\/pages\/4042\/revisions"}],"predecessor-version":[{"id":4370,"href":"https:\/\/sites.la.utexas.edu\/persian_online_resources\/wp-json\/wp\/v2\/pages\/4042\/revisions\/4370"}],"up":[{"embeddable":true,"href":"https:\/\/sites.la.utexas.edu\/persian_online_resources\/wp-json\/wp\/v2\/pages\/3931"}],"wp:attachment":[{"href":"https:\/\/sites.la.utexas.edu\/persian_online_resources\/wp-json\/wp\/v2\/media?parent=4042"}],"curies":[{"name":"wp","href":"https:\/\/api.w.org\/{rel}","templated":true}]}}