{"id":65,"date":"2008-06-27T10:35:54","date_gmt":"2008-06-27T15:35:54","guid":{"rendered":"http:\/\/sites.la.utexas.edu\/persian_online_resources\/?page_id=65"},"modified":"2009-04-20T22:31:35","modified_gmt":"2009-04-21T04:31:35","slug":"numbers-1","status":"publish","type":"page","link":"https:\/\/sites.la.utexas.edu\/persian_online_resources\/numbers-1\/","title":{"rendered":"Numbers"},"content":{"rendered":"<p>Unlike the Persian alphabet, Persian <strong>numbers<\/strong> are written from left to right. Basic numbers in Persian are as follows:<br \/>\n<strong><\/strong><\/p>\n<table class=\"border\" border=\"0\" cellpadding=\"15\" width=\"450\">\n<tbody>\n<tr>\n<td>[tag resources numbers_01a]\u06f1[\/tag]<\/td>\n<td>[tag resources numbers_02a]\u06f2[\/tag]<\/td>\n<td>[tag resources numbers_03a]\u06f3[\/tag]<\/td>\n<td>[tag resources numbers_04a]\u06f4[\/tag]<\/td>\n<td>[tag resources numbers_05]\u06f5[\/tag]<\/td>\n<td>[tag resources numbers_06]\u06f6[\/tag]<\/td>\n<td>[tag resources numbers_07]\u06f7[\/tag]<\/td>\n<td>[tag resources numbers_08]\u06f8[\/tag]<\/td>\n<td>[tag resources numbers_09]\u06f9[\/tag]<\/td>\n<td>[tag resources numbers_10]\u06f0[\/tag]<\/td>\n<\/tr>\n<tr>\n<td>1<\/td>\n<td>2<\/td>\n<td>3<\/td>\n<td>4<\/td>\n<td>5<\/td>\n<td>6<\/td>\n<td>7<\/td>\n<td>8<\/td>\n<td>9<\/td>\n<td>0<\/td>\n<\/tr>\n<\/tbody>\n<\/table>\n<p><strong><\/strong><\/p>\n<p>It is noteworthy that the origin of this system is Indian.  In the numbers shown above we can see that both Persian and English numbers share the same origin.  In English this system is called the <em>Arabic<\/em> system.  See how between Latin and Persian numbers \u201c\u06f1, \u06f9, \u06f0\u201d look very close; and how \u201c2\u201d \u201c3\u201d and \u201c7\u201d are only rotated \u201c\u06f2 \u201d, \u201c\u06f3 \u201d and \u201c\u06f7\u201d, and so forth.<\/p>\n<p>Names of these characters in Persian are as follows:<strong><\/strong><\/p>\n<table class=\"border\" border=\"0\" cellpadding=\"15\" width=\"450\">\n<tbody>\n<tr>\n<td>[tag resources numbers_11]\u06f1[\/tag]<\/td>\n<td>[tag resources numbers_12]\u06f2[\/tag]<\/td>\n<td>[tag resources numbers_13]\u06f3[\/tag]<\/td>\n<td>[tag resources numbers_14]\u06f4[\/tag]<\/td>\n<td>[tag resources numbers_15]\u06f5[\/tag]<\/td>\n<td>[tag resources numbers_16]\u06f6[\/tag]<\/td>\n<td>[tag resources numbers_01]\u06f7[\/tag]<\/td>\n<td>[tag resources numbers_18]\u06f8[\/tag]<\/td>\n<td>[tag resources numbers_19]\u06f9[\/tag]<\/td>\n<td>[tag resources numbers_20]\u06f0[\/tag]<\/td>\n<\/tr>\n<tr>\n<td><em>yek<\/em><\/td>\n<td><em>d\u00f3<\/em><\/td>\n<td><em>s\u00e9<\/em><\/td>\n<td><em>cah\u0101r<\/em><\/td>\n<td><em>panj<\/em><\/td>\n<td><em>\u0161\u00e9\u0161<\/em><\/td>\n<td><em>haft<\/em><\/td>\n<td><em>ha\u0161t<\/em><\/td>\n<td><em>no<\/em><\/td>\n<td><em>sefr<\/em><\/td>\n<\/tr>\n<p><strong><\/strong><\/tbody>\n<\/table>\n<p>In Colloquial Persian the following conventions are observed:<\/p>\n<p>The \/<em>h<\/em>\/ in <em>cah\u0101r<\/em> is dropped and the number is pronounced <em>c\u0101r<\/em>.<\/p>\n<p>The \/<em>j<\/em>\/ in <em>panj<\/em> and the \/<em>t<\/em>\/ in <em>haft<\/em> and <em>ha\u0161t<\/em> are very weak; especially <em>haft <\/em> and <em>ha\u0161t<\/em> are normalized as <em>haf<\/em> and <em>ha\u0161<\/em>, especially before the counting word \u062a\u0627 t\u0101:<\/p>\n<h5>[tag resources numbers_21]\u0647\u0686\u0644\u0647\u0641[\/tag]<br \/>\n<em>hacalhaf  (<\/em>or, <em> ha\u0161t al-haft)<\/em><br \/>\n\u2018gibberish\u2019<\/p>\n<p>[tag resources numbers_02] \u0647\u0641\u062a \u062a\u0627 \u0645\u0631\u062f [\/tag]<br \/>\n<em>haf t\u0101 mard<\/em><br \/>\n\u2018seven men\u2019<\/p>\n<p>[tag resources numbers_03]\u0647\u0634\u062a \u062a\u0627 \u062e\u0648\u0646\u0647 [\/tag]<br \/>\n <em>ha\u0161 t\u0101 xune<\/em><br \/>\n\u2018eight houses\u2019<\/h5>\n<p>Before vowels, in the colloquial dialect the \/<em>t<\/em>\/ may variably reappears:<\/p>\n<h5>[tag resources numbers_04] \u0647\u0641\u062a \u0622\u0633\u0645\u0648\u0646[\/tag]<br \/>\n<em> haft \u0101semun<\/em> or <em>haf \u0101semun<\/em><br \/>\n\u2018the seven skies\u2019<\/h5>\n<p><em>\u0161e\u0161<\/em> is pronounced <em>\u0161i\u0161<\/em>.<\/p>\n<p>The \/<em>h<\/em>\/ in <em>noh<\/em> disappears and the \/<em>o<\/em>\/ is lengthened; hence, \/<em>no:<\/em>\/.<\/p>\n<p>The word for <em>number<\/em> is[tag resources numbers_25] \u0639\u062f\u062f [\/tag]<em>adad<\/em> (an Arabic loanword), with the broken plural[tag resources numbers_26] \u0627\u0639\u062f\u0627\u062f [\/tag]<em>a\u2019d\u0101d<\/em>.<\/p>\n<p>Another word[tag resources numbers_27] \u0646\u0645\u0631\u0647 [\/tag]<em>nomr\u00e9<\/em> (plural,[tag resources numbers_28] \u0646\u0645\u0631\u0627\u062a [\/tag]<em>n\u00f3mar\u0101t<\/em>, occasionally[tag resources numbers_29] \u0646\u0645\u0631\u0647 \u0647\u0627[\/tag]) is also used, more like the word &#8216;digit&#8217; in English; but it also could mean &#8216;number&#8217; and even &#8216;grade&#8217;, such as that made in an exam.<\/p>\n<p>For instance &#8216;the room number&#8217; is[tag resources numbers_30] \u0646\u0645\u0631\u0647 \u06cc \u0627\u062a\u0627\u0642 [\/tag]while[tag resources numbers_31] \u0639\u062f\u062f\u0650 \u0627\u062a\u0627\u0642 [\/tag]means something like &#8216;the number of rooms&#8217; (&#8216;\u2026at a hotel\u2026,&#8217; for instance), in which the word \u0639\u062f\u062f is more like \u2018count(s)[tag resources numbers_32]\u2019: \u062f\u0648 \u0639\u062f\u062f \u0646\u0627\u0646 [\/tag]<em>do adad n\u0101n<\/em> \u2018two counts of bread\u2019 (i.e., \u2018two loaves of bread\u2019, or such).<\/p>\n<p>An original Persian word as[tag resources numbers_33] \u0634\u0645\u0627\u0631\u0647 [\/tag]<em>\u0161om\u0101re<\/em> \u2018number\u2019 is also used, which means both.  For instance, \u201cphone number\u201d is[tag resources numbers_34] \u0634\u0645\u0627\u0631\u0647 \u06cc \u062a\u0644\u0641\u0646 [\/tag]<em>\u0161om\u0101re-ye telefon<\/em>, occasionally[tag resources numbers_35] \u0646\u0645\u0631\u0647 \u06cc \u062a\u0644\u0641\u0646; [\/tag]but never \u0639\u062f\u062f \u062a\u0644\u0641\u0646, which roughly could mean \u2018the number of phones\u2019.  And, finally, \u03c0 <em>pi<\/em> is[tag resources numbers_36] \u0639\u062f\u062f \u067e\u06cc [\/tag]<em>adad-e pi<\/em>, not \u0634\u0645\u0627\u0631\u0647 \u06cc \u067e\u06cc or \u0646\u0645\u0631\u0647 \u06cc \u067e\u06cc.<\/p>\n<p>Here is a chart with the first 20 &#8216;numbers&#8217; <em>a&#8217;d\u0101d <\/em>\u0627\u0639\u062f\u0627\u062f spelled out:<\/p>\n<table class=\"border\" border=\"0\">\n<tbody>\n<tr>\n<td>One<\/td>\n<td><em>yek<\/em><\/td>\n<td>\n<h4>\u06cc\u06a9<\/h4>\n<\/td>\n<td>\n<h4>\u06f1<\/h4>\n<\/td>\n<\/tr>\n<tr>\n<td>Two<\/td>\n<td><em>d\u00f3<\/em><\/td>\n<td>\n<h4>\u062f\u0648<\/h4>\n<\/td>\n<td>\n<h4>\u06f2<\/h4>\n<\/td>\n<\/tr>\n<tr>\n<td>Three<\/td>\n<td><em>s\u00e9<\/em><\/td>\n<td>\n<h4>\u0633\u0647<\/h4>\n<\/td>\n<td>\n<h4>\u06f3<\/h4>\n<\/td>\n<\/tr>\n<tr>\n<td>Four<\/td>\n<td><em>cah\u0101r<\/em><\/td>\n<td>\n<h4>\u0686\u0647\u0627\u0631 <\/h4>\n<\/td>\n<td>\n<h4>\u06f4<\/h4>\n<\/td>\n<\/tr>\n<tr>\n<td>Five<\/td>\n<td><em>panj<\/em><\/td>\n<td>\n<h4>\u067e\u0646\u062c<\/h4>\n<\/td>\n<td>\n<h4>\u06f5<\/h4>\n<\/td>\n<\/tr>\n<tr>\n<td>Six<\/td>\n<td><em>\u0161e\u0161<\/em><\/td>\n<td>\n<h4>\u0634\u0634<\/h4>\n<\/td>\n<td>\n<h4>\u06f6<\/h4>\n<\/td>\n<\/tr>\n<tr>\n<td>Seven<\/td>\n<td><em>haft<\/em><\/td>\n<td>\n<h4>\u0647\u0641\u062a<\/h4>\n<\/td>\n<td>\n<h4>\u06f7<\/h4>\n<\/td>\n<\/tr>\n<tr>\n<td>Eight<\/td>\n<td><em>ha\u0161t<\/em><\/td>\n<td>\n<h4>\u0647\u0634\u062a<\/h4>\n<\/td>\n<td>\n<h4>\u06f8<\/h4>\n<\/td>\n<\/tr>\n<tr>\n<td>Nine<\/td>\n<td><em>no<\/em><\/td>\n<td>\n<h4>\u0646\u0647<\/h4>\n<\/td>\n<td>\n<h4>\u06f9<\/h4>\n<\/td>\n<\/tr>\n<tr>\n<td>Ten<\/td>\n<td><em>da<\/em><\/td>\n<td>\n<h4>\u062f\u0647<\/h4>\n<\/td>\n<td>\n<h4>\u06f1\u06f0<\/h4>\n<\/td>\n<\/tr>\n<tr>\n<td>Eleven<\/td>\n<td><em>y\u0101zda<\/em><\/td>\n<td>\n<h4>\u06cc\u0627\u0632\u062f\u0647<\/h4>\n<\/td>\n<td>\n<h4>\u06f1\u06f1<\/h4>\n<\/td>\n<\/tr>\n<tr>\n<td>Twelve<\/td>\n<td><em>dav\u0101zda<\/em><\/td>\n<td>\n<h4>\u062f\u0648\u0627\u0632\u062f\u0647<\/h4>\n<\/td>\n<td>\n<h4>\u06f1\u06f2<\/h4>\n<\/td>\n<\/tr>\n<tr>\n<td>Thirteen<\/td>\n<td><em>sizda<\/em><\/td>\n<td>\n<h4>\u0633\u06cc\u0632\u062f\u0647<\/h4>\n<\/td>\n<td>\n<h4>\u06f1\u06f3<\/h4>\n<\/td>\n<\/tr>\n<tr>\n<td>Fourteen<\/td>\n<td><em>cah\u0101rda<\/em><\/td>\n<td>\n<h4>\u0686\u0647\u0627\u0631\u062f\u0647<\/h4>\n<\/td>\n<td>\n<h4>\u06f1\u06f4<\/h4>\n<\/td>\n<\/tr>\n<tr>\n<td>Fifteen<\/td>\n<td><em>p\u0101nzda<\/em><\/td>\n<td>\n<h4>\u067e\u0627\u0646\u0632\u062f\u0647<\/h4>\n<\/td>\n<td>\n<h4>\u06f1\u06f5<\/h4>\n<\/td>\n<\/tr>\n<tr>\n<td>Sixteen<\/td>\n<td><em>\u0161\u0101nzda<\/em><\/td>\n<td>\n<h4>\u0634\u0627\u0646\u0632\u062f\u0647<\/h4>\n<\/td>\n<td>\n<h4>\u06f1\u06f6<\/h4>\n<\/td>\n<\/tr>\n<tr>\n<td>Seventeen<\/td>\n<td><em>hevda<\/em><\/td>\n<td>\n<h4>\u0647\u0641\u062f\u0647<\/h4>\n<\/td>\n<td>\n<h4>\u06f1\u06f7<\/h4>\n<\/td>\n<\/tr>\n<tr>\n<td>Eighteen<\/td>\n<td><em>hejda<\/em><\/td>\n<td>\n<h4>\u0647\u062c\u062f\u0647<\/h4>\n<\/td>\n<td>\n<h4>\u06f1\u06f8<\/h4>\n<\/td>\n<\/tr>\n<tr>\n<td>Nineteen<\/td>\n<td><em>nuzda<\/em><\/td>\n<td>\n<h4>\u0646\u0648\u0632\u062f\u0647<\/h4>\n<\/td>\n<td>\n<h4>\u06f1\u06f9<\/h4>\n<\/td>\n<\/tr>\n<tr>\n<td>Twenty<\/td>\n<td><em>bist<\/em><\/td>\n<td>\n<h4>\u0628\u06cc\u0633\u062a<\/h4>\n<\/td>\n<td>\n<h4>\u06f2\u06f0<\/h4>\n<\/td>\n<\/tr>\n<\/tbody>\n<\/table>\n","protected":false},"excerpt":{"rendered":"<p>Unlike the Persian alphabet, Persian numbers are written from left to right. Basic numbers in Persian are as follows: [tag resources numbers_01a]\u06f1[\/tag] [tag resources numbers_02a]\u06f2[\/tag] [tag resources numbers_03a]\u06f3[\/tag] [tag resources numbers_04a]\u06f4[\/tag] [tag resources numbers_05]\u06f5[\/tag] [tag resources numbers_06]\u06f6[\/tag] [tag resources numbers_07]\u06f7[\/tag] [tag resources numbers_08]\u06f8[\/tag] [tag resources numbers_09]\u06f9[\/tag] [tag resources numbers_10]\u06f0[\/tag] 1 2 3 4 5 6 [&hellip;]<\/p>\n","protected":false},"author":289,"featured_media":0,"parent":0,"menu_order":1,"comment_status":"closed","ping_status":"closed","template":"","meta":{"footnotes":""},"class_list":["post-65","page","type-page","status-publish","hentry"],"_links":{"self":[{"href":"https:\/\/sites.la.utexas.edu\/persian_online_resources\/wp-json\/wp\/v2\/pages\/65","targetHints":{"allow":["GET"]}}],"collection":[{"href":"https:\/\/sites.la.utexas.edu\/persian_online_resources\/wp-json\/wp\/v2\/pages"}],"about":[{"href":"https:\/\/sites.la.utexas.edu\/persian_online_resources\/wp-json\/wp\/v2\/types\/page"}],"author":[{"embeddable":true,"href":"https:\/\/sites.la.utexas.edu\/persian_online_resources\/wp-json\/wp\/v2\/users\/289"}],"replies":[{"embeddable":true,"href":"https:\/\/sites.la.utexas.edu\/persian_online_resources\/wp-json\/wp\/v2\/comments?post=65"}],"version-history":[{"count":43,"href":"https:\/\/sites.la.utexas.edu\/persian_online_resources\/wp-json\/wp\/v2\/pages\/65\/revisions"}],"predecessor-version":[{"id":3590,"href":"https:\/\/sites.la.utexas.edu\/persian_online_resources\/wp-json\/wp\/v2\/pages\/65\/revisions\/3590"}],"wp:attachment":[{"href":"https:\/\/sites.la.utexas.edu\/persian_online_resources\/wp-json\/wp\/v2\/media?parent=65"}],"curies":[{"name":"wp","href":"https:\/\/api.w.org\/{rel}","templated":true}]}}