{"id":76,"date":"2008-07-01T16:25:39","date_gmt":"2008-07-01T21:25:39","guid":{"rendered":"http:\/\/sites.la.utexas.edu\/persian_online_resources\/?page_id=76"},"modified":"2009-04-16T14:22:40","modified_gmt":"2009-04-16T20:22:40","slug":"counting-words","status":"publish","type":"page","link":"https:\/\/sites.la.utexas.edu\/persian_online_resources\/numbers-1\/counting-words\/","title":{"rendered":"Counting Words"},"content":{"rendered":"<p>There are numerous <strong>counting words<\/strong> in Persian, such as \u062c\u0644\u062f <em>jeld<\/em> \u2018volume\u2019 (for books, etc.), \u0631\u0623\u0633 <em>ra\u2019s<\/em> \u2018head\u2019 (for animals), \u062f\u0633\u062a\u06af\u0627\u0647 <em>dastg\u0101h<\/em> \u2018apparatus; machine\u2019 (for machines of any sort, in addition to buildings), and many more.<\/p>\n<p>In colloquial Persian, however, there is the generic counting word \u062a\u0627 (originally means \u2018one of a pair\u2019), which can replace any of the other counting words.  However, while all counting words are used with all numbers, including <em>yek<\/em> \u2018one\u2019, \u062a\u0627 is never used with <em>yek<\/em>.<\/p>\n<p>Examples:<\/p>\n<table class=\"border\" border=\"0\" cellpadding=\"15\" width=\"350\">\n<tbody>\n<tr>\n<td>a man<\/td>\n<td><em>yek mard <\/em><\/td>\n<td align=\"right\">[tag resources countingwords_01]\u06cc\u06a9 \u0645\u0631\u062f[\/tag]<\/td>\n<\/tr>\n<tr>\n<td>two men<\/td>\n<td><em>d\u00f3 mard (formal)<\/em><\/td>\n<td align=\"right\">[tag resources countingwords_02]\u062f\u0648 \u0645\u0631\u062f[\/tag]<\/td>\n<\/tr>\n<tr>\n<td><\/td>\n<td><em>d\u00f3 t\u0101 mard (colloquial) <\/em><\/td>\n<td align=\"right\">[tag resources countingwords_03]\u062f\u0648 \u062a\u0627 \u0645\u0631\u062f[\/tag]<\/td>\n<\/tr>\n<tr>\n<td>three men<\/td>\n<td><em> s\u00e9 mard (formal) <\/em><\/td>\n<td align=\"right\">[tag resources countingwords_04]\u0633\u0647 \u0645\u0631\u062f[\/tag]<\/td>\n<\/tr>\n<tr>\n<td><\/td>\n<td><em>s\u00e9 t\u0101 mard (colloquial) <\/em><\/td>\n<td align=\"right\">[tag resources countingwords_05]\u0633\u0647 \u062a\u0627 \u0645\u0631\u062f[\/tag]<\/td>\n<\/tr>\n<\/tbody>\n<\/table>\n<table border=\"0\">A counting word as \u062f\u0627\u0646\u0647 <em>d\u0101ne<\/em> \u2018grain\u2019 is used formally only with small particles, such as grains of legumes, etc.; but in colloquial dialect it is used interchangeably with \u062a\u0627 as a generic counting word, especially with a single item.  As such, unlike \u062a\u0627, \u062f\u0627\u0646\u0647 (colloquial \u062f\u0648\u0646\u0647) is used with \u06cc\u06a9 (colloquial \u06cc\u0647) as well:<\/p>\n<h5>[tag resources countingwords_06]\u06cc\u0647 \u062f\u0648\u0646\u0647 \u0633\u06cc\u0628[\/tag]<br \/>\n<em>ye dune sib (colloquial) <\/em><br \/>\n\u2018an apple\u2019<\/p>\n<p>[tag resources counting_01]\u06cc\u0647 \u062f\u0648\u0646\u0647 \u06af\u0648\u0633\u0641\u0646\u062f[\/tag]<br \/>\n<em>ye dune gusfand<\/em><br \/>\n\u2018a sheep\u2019<\/h5>\n<p>Usually with more than one item these two generic counting words are combined in the colloquial dialect:<\/p>\n<h5>[tag resources countingwords_08]\u062f\u0648 \u062a\u0627 \u062f\u0648\u0646\u0647 \u0633\u06cc\u0628[\/tag]<br \/>\n<em>do t\u0101 dune sib<\/em><br \/>\n\u2018two apples\u2019 (literally, \u201ctwo single units of apple\u201d).<\/h5>\n<p>Numbers are invariably followed by a singular noun: \u06cc\u06a9 \u06a9\u062a\u0627\u0628 <em>yek <strong>ket\u0101b<\/strong><\/em> \u2018a\/one book,\u2019 \u062f\u0647 \u06a9\u062a\u0627\u0628 <em>dah<strong> ket\u0101b<\/strong><\/em> \u2018ten books,\u2019 etc.  In other words, the noun \u06a9\u062a\u0627\u0628 is invariably in singular.<\/p>\n<p>Some of the counting words in Persian are as follows:<\/table>\n<table class=\"border\" border=\"0\" cellpadding=\"15\" width=\"450\">\n<tbody>\n<tr>\n<td align=\"right\"><strong><em>Counting Word<\/em><\/strong><\/td>\n<td align=\"right\"><strong><em>Example<\/em><\/strong><\/td>\n<\/tr>\n<tr>\n<td align=\"right\">[tag resources countingwords_09]\u062a\u062e\u062a\u0647[\/tag]<br \/>\n<em>taxte<\/em><br \/>\nboard<br \/>\n(for carpets,  rugs, etc.)<\/td>\n<td align=\"right\">[tag resources counting_02]\u06cc\u06a9 \u062a\u062e\u062a\u0647 \u0641\u0631\u0634[\/tag]<br \/>\n<em>yek taxte far\u0161<\/em><br \/>\na (single count of) carpet<\/td>\n<\/tr>\n<tr>\n<td align=\"right\">[tag resources countingwords_11]\u062c\u0644\u062f[\/tag]<br \/>\n<em>jeld<\/em><br \/>\nvolume, a bound item<br \/>\n(for books, etc.)<\/td>\n<td align=\"right\">[tag resources countingwords_12]\u0633\u0647 \u062c\u0644\u062f \u06a9\u062a\u0627\u0628[\/tag]<br \/>\n<em>s\u00e9 jeld ket\u0101b<\/em><br \/>\nthree volumes of books<\/td>\n<\/tr>\n<tr>\n<td align=\"right\">[tag resources countingwords_13]\u062f\u0627\u0646\u0647[\/tag]<br \/>\n<em>d\u0101ne<\/em><br \/>\ngrain<br \/>\n(for small items, especially a single one)<\/td>\n<td align=\"right\">[tag resources countingwords_14]\u06cc\u06a9 \u062f\u0627\u0646\u0647 \u0628\u0631\u0646\u062c[\/tag]<br \/>\n<em>yek d\u0101ne berenj<\/em><br \/>\na single grain of rice<\/td>\n<\/tr>\n<tr>\n<td align=\"right\">[tag resources countingwords_15]\u062f\u0633\u062a\u06af\u0627\u0647[\/tag]<br \/>\n<em>dastg\u0101h<\/em><br \/>\napparatus<br \/>\n(for machines of any sort and buildings)<\/td>\n<td align=\"right\">[tag resources countingwords_16]\u062f\u0648 \u062f\u0633\u062a\u06af\u0627\u0647 \u0627\u062a\u0648\u0645\u0628\u06cc\u0644[\/tag]<br \/>\n<em>d\u00f3 dastg\u0101h otomobil<\/em><br \/>\ntwo cars<\/p>\n<p>[tag resources countingwords_17]\u0633\u0647 \u062f\u0633\u062a\u06af\u0627\u0647 \u0622\u067e\u0627\u0631\u062a\u0645\u0627\u0646[\/tag]<br \/>\n<em>s\u00e9 dastg\u0101h \u0101p\u0101rtem\u0101n<\/em><br \/>\nthree apartments<\/td>\n<\/tr>\n<tr>\n<td align=\"right\">[tag resources countingwords_18]\u0631\u0623\u0633[\/tag]<br \/>\n<em>ras<\/em><br \/>\nhead<br \/>\n(for almost all stock animals)<\/td>\n<td align=\"right\">[tag resources countingwords_19]\u067e\u0646\u062c \u0631\u0623\u0633 \u06af\u0648\u0633\u0641\u0646\u062f[\/tag]<br \/>\n<em>panj ras gusfand<\/em><br \/>\nfive (heads of) sheep<\/td>\n<\/tr>\n<tr>\n<td align=\"right\">[tag resources countingwords_20]\u0641\u0631\u0648\u0646\u062f[\/tag]<br \/>\n<em>farvand<\/em><br \/>\n(for ships, airplanes and spaceships)<\/td>\n<td align=\"right\">[tag resources countingwords_21]\u06cc\u06a9 \u0641\u0631\u0648\u0646\u062f \u0647\u0648\u0627\u067e\u06cc\u0645\u0627[\/tag]<br \/>\n<em>yek farvand hav\u0101peym\u0101<\/em><br \/>\nan airplane<\/td>\n<\/tr>\n<tr>\n<td align=\"right\">[tag resources countingwords_22]\u0642\u0627\u0644\u0628[\/tag]<br \/>\n<em>q\u0101leb<\/em><br \/>\nbar, mold<br \/>\n(for soap, butter, cheese, etc.)<\/td>\n<td align=\"right\">[tag resources countingwords_23]\u062f\u0648 \u0642\u0627\u0644\u0628 \u0635\u0627\u0628\u0648\u0646[\/tag]<br \/>\n<em>d\u00f3 q\u0101leb-e s\u0101bun<\/em><br \/>\ntwo bars of soap<\/td>\n<\/tr>\n<tr>\n<td align=\"right\">[tag resources countingwords_24]\u0646\u0641\u0631[\/tag]<br \/>\n<em>nafar<\/em><br \/>\nperson, individual<br \/>\n(for people and camels)<\/td>\n<td align=\"right\">[tag resources countingwords_25]\u0686\u0647\u0627\u0631 \u0646\u0641\u0631 \u0627\u06cc\u062a\u0627\u0644\u06cc\u0627\u06cc\u06cc[\/tag]<br \/>\n<em>cah\u0101r nafar it\u0101liy\u0101yi<\/em><br \/>\nfour Italians<\/p>\n<p>[tag resources countingwords_26]\u062f\u0648 \u0646\u0641\u0631 \u0645\u06cc \u0622\u06cc\u0646\u062f[\/tag]<br \/>\n<em>d\u00f3 nafar mi \u0101yand<\/em><br \/>\ntwo individuals come, are coming, will come<\/td>\n<\/tr>\n<\/tbody>\n<\/table>\n","protected":false},"excerpt":{"rendered":"<p>There are numerous counting words in Persian, such as \u062c\u0644\u062f jeld \u2018volume\u2019 (for books, etc.), \u0631\u0623\u0633 ra\u2019s \u2018head\u2019 (for animals), \u062f\u0633\u062a\u06af\u0627\u0647 dastg\u0101h \u2018apparatus; machine\u2019 (for machines of any sort, in addition to buildings), and many more. In colloquial Persian, however, there is the generic counting word \u062a\u0627 (originally means \u2018one of a pair\u2019), which can [&hellip;]<\/p>\n","protected":false},"author":289,"featured_media":0,"parent":65,"menu_order":0,"comment_status":"closed","ping_status":"open","template":"","meta":{"footnotes":""},"class_list":["post-76","page","type-page","status-publish","hentry"],"_links":{"self":[{"href":"https:\/\/sites.la.utexas.edu\/persian_online_resources\/wp-json\/wp\/v2\/pages\/76","targetHints":{"allow":["GET"]}}],"collection":[{"href":"https:\/\/sites.la.utexas.edu\/persian_online_resources\/wp-json\/wp\/v2\/pages"}],"about":[{"href":"https:\/\/sites.la.utexas.edu\/persian_online_resources\/wp-json\/wp\/v2\/types\/page"}],"author":[{"embeddable":true,"href":"https:\/\/sites.la.utexas.edu\/persian_online_resources\/wp-json\/wp\/v2\/users\/289"}],"replies":[{"embeddable":true,"href":"https:\/\/sites.la.utexas.edu\/persian_online_resources\/wp-json\/wp\/v2\/comments?post=76"}],"version-history":[{"count":55,"href":"https:\/\/sites.la.utexas.edu\/persian_online_resources\/wp-json\/wp\/v2\/pages\/76\/revisions"}],"predecessor-version":[{"id":3564,"href":"https:\/\/sites.la.utexas.edu\/persian_online_resources\/wp-json\/wp\/v2\/pages\/76\/revisions\/3564"}],"up":[{"embeddable":true,"href":"https:\/\/sites.la.utexas.edu\/persian_online_resources\/wp-json\/wp\/v2\/pages\/65"}],"wp:attachment":[{"href":"https:\/\/sites.la.utexas.edu\/persian_online_resources\/wp-json\/wp\/v2\/media?parent=76"}],"curies":[{"name":"wp","href":"https:\/\/api.w.org\/{rel}","templated":true}]}}