{"id":86,"date":"2008-07-02T15:25:44","date_gmt":"2008-07-02T20:25:44","guid":{"rendered":"http:\/\/sites.la.utexas.edu\/persian_online_resources\/?page_id=86"},"modified":"2009-04-16T14:26:43","modified_gmt":"2009-04-16T20:26:43","slug":"demonstratives","status":"publish","type":"page","link":"https:\/\/sites.la.utexas.edu\/persian_online_resources\/demonstratives\/","title":{"rendered":"Demonstratives"},"content":{"rendered":"<p><strong>The Demonstrative Adjective:<\/strong> When any of the demonstratives \u0627\u06cc\u0646 <em>in<\/em> \u2018this\u2019 and \u0622\u0646 <em> \u0101n <\/em>\u2018that, it\u2019 accompany a noun, functioning as an adjective would, then it is called a demonstrative adjective. In Persian they are invariably singular, even when they modify a plural noun. Compare and contrast the following Persian and English sentences:<\/p>\n<table class=\"border\" border=\"0\" cellpadding=\"15\" width=\"400\">\n<tbody>\n<tr>\n<td>this book<\/td>\n<td><em>in ket\u0101b<\/em><\/td>\n<td align=\"right\">[tag resources demonstratives_01a]\u0627\u06cc\u0646 \u06a9\u062a\u0627\u0628[\/tag]<\/td>\n<\/tr>\n<tr>\n<td>that notebook<\/td>\n<td><em>\u0101n daftar<\/em><\/td>\n<td align=\"right\">[tag resources demonstratives_02a]\u0622\u0646 \u062f\u0641\u062a\u0631[\/tag]<\/td>\n<\/tr>\n<tr>\n<td>these books<\/td>\n<td><em>in ket\u0101b h\u0101<\/em><\/td>\n<td align=\"right\">[tag resources demonstratives_03]\u0627\u06cc\u0646 \u06a9\u062a\u0627\u0628 \u0647\u0627[\/tag]<\/td>\n<\/tr>\n<tr>\n<td>those notebooks<\/td>\n<td><em>\u0101n daftar h\u0101<\/em><\/td>\n<td align=\"right\">[tag resources demonstratives_04]\u0622\u0646 \u062f\u0641\u062a\u0631\u0647\u0627[\/tag]<\/td>\n<\/tr>\n<\/tbody>\n<\/table>\n<p><strong>The Demonstrative Pronoun:<\/strong> When the demonstrative replaces a noun (as a pronoun normally does), it is referred to as the demonstrative pronoun.  In this case, they are pluralized when necessary, as any pronoun would:<\/p>\n<table class=\"border\" border=\"0\" cellpadding=\"15\" width=\"450\">\n<tbody>\n<tr>\n<td>This is a man.<\/td>\n<td><em>in mard ast<\/em><\/td>\n<td align=\"right\">[tag resources demonstratives_05].\u0627\u06cc\u0646 \u0645\u0631\u062f \u0627\u0633\u062a[\/tag]<\/td>\n<\/tr>\n<tr>\n<td>That is a woman.<\/td>\n<td><em>\u0101n zan ast<\/em><\/td>\n<td align=\"right\">[tag resources demonstratives_06].\u0622\u0646 \u0632\u0646 \u0627\u0633\u062a[\/tag]<\/td>\n<\/tr>\n<tr>\n<td>These are men.<\/td>\n<td><em>in mard hastand<\/em><\/td>\n<td align=\"right\">[tag resources demonstratives_07].\u0627\u06cc\u0646 \u0647\u0627 \u0645\u0631\u062f \u0647\u0633\u062a\u0646\u062f[\/tag]<\/td>\n<\/tr>\n<tr>\n<td>Those are women.<\/td>\n<td><em>\u0101n h\u0101 zan hastand<\/em><\/td>\n<td align=\"right\">[tag resources demonstratives_08].\u0622\u0646 \u0647\u0627 \u0632\u0646 \u0647\u0633\u062a\u0646\u062f[\/tag]<\/td>\n<\/tr>\n<\/tbody>\n<\/table>\n<p>A generic noun is invariably singular even when it is modified by a plural demonstrative pronoun:<\/p>\n<h5>\n[tag resources demonstratives_09].\u0627\u06cc\u0646 \u0632\u0646 \u0627\u0633\u062a [\/tag]<br \/>\n<em>in zan ast<\/em><br \/>\n &#8220;This is (a) woman.&#8221;  <\/p>\n<p>[tag resources demonstratives_10].\u0627\u06cc\u0646 \u0647\u0627 \u0632\u0646 \u0647\u0633\u062a\u0646\u062f[\/tag]<br \/>\n<em>in h\u0101 zan hastand <\/em><br \/>\n&#8220;These are women.&#8221;  <\/p>\n<p>[tag resources demonstratives_11].\u0627\u06cc\u0646 \u067e\u0633\u0631 \u062f\u0627\u0646\u0634 \u0622\u0645\u0648\u0632 \u0627\u0633\u062a[\/tag]<br \/>\n<em>in pesar d\u0101ne\u0161 \u0101muz ast<\/em><br \/>\n&#8220;This boy is (a) student.&#8221;  <\/p>\n<p>[tag resources demonstratives_12].\u0622\u0646 \u067e\u0633\u0631\u0647\u0627 \u062f\u0627\u0646\u0634 \u0622\u0645\u0648\u0632 \u0647\u0633\u062a\u0646\u062f [\/tag]<em><br \/>\n \u0101n pesar h\u0101 d\u0101ne\u0161 \u0101muz hastand<\/em><br \/>\n &#8220;Those boys are students.&#8221;<\/h5>\n","protected":false},"excerpt":{"rendered":"<p>The Demonstrative Adjective: When any of the demonstratives \u0627\u06cc\u0646 in \u2018this\u2019 and \u0622\u0646 \u0101n \u2018that, it\u2019 accompany a noun, functioning as an adjective would, then it is called a demonstrative adjective. In Persian they are invariably singular, even when they modify a plural noun. Compare and contrast the following Persian and English sentences: this book [&hellip;]<\/p>\n","protected":false},"author":289,"featured_media":0,"parent":0,"menu_order":1,"comment_status":"closed","ping_status":"closed","template":"","meta":{"footnotes":""},"class_list":["post-86","page","type-page","status-publish","hentry"],"_links":{"self":[{"href":"https:\/\/sites.la.utexas.edu\/persian_online_resources\/wp-json\/wp\/v2\/pages\/86","targetHints":{"allow":["GET"]}}],"collection":[{"href":"https:\/\/sites.la.utexas.edu\/persian_online_resources\/wp-json\/wp\/v2\/pages"}],"about":[{"href":"https:\/\/sites.la.utexas.edu\/persian_online_resources\/wp-json\/wp\/v2\/types\/page"}],"author":[{"embeddable":true,"href":"https:\/\/sites.la.utexas.edu\/persian_online_resources\/wp-json\/wp\/v2\/users\/289"}],"replies":[{"embeddable":true,"href":"https:\/\/sites.la.utexas.edu\/persian_online_resources\/wp-json\/wp\/v2\/comments?post=86"}],"version-history":[{"count":39,"href":"https:\/\/sites.la.utexas.edu\/persian_online_resources\/wp-json\/wp\/v2\/pages\/86\/revisions"}],"predecessor-version":[{"id":3566,"href":"https:\/\/sites.la.utexas.edu\/persian_online_resources\/wp-json\/wp\/v2\/pages\/86\/revisions\/3566"}],"wp:attachment":[{"href":"https:\/\/sites.la.utexas.edu\/persian_online_resources\/wp-json\/wp\/v2\/media?parent=86"}],"curies":[{"name":"wp","href":"https:\/\/api.w.org\/{rel}","templated":true}]}}