{"id":89,"date":"2008-07-03T10:26:23","date_gmt":"2008-07-03T15:26:23","guid":{"rendered":"http:\/\/sites.la.utexas.edu\/persian_online_resources\/?page_id=89"},"modified":"2009-04-12T17:44:01","modified_gmt":"2009-04-12T23:44:01","slug":"past-participle","status":"publish","type":"page","link":"https:\/\/sites.la.utexas.edu\/persian_online_resources\/verbs\/past-participle\/","title":{"rendered":"Past Participle"},"content":{"rendered":"<p>In order to construct the present perfect, past perfect, or the present perfect continuous, we first need to learn to construct the <strong>past participle<\/strong>.<\/p>\n<p>In Persian, the<strong> past participle<\/strong> is constructed by the addition of an [-e] to the past stem of the verbs whether the verb is simple, complex, or compound:<\/p>\n<p><strong>Past Participle<\/strong><\/p>\n<table class=\"border\" border=\"0\" cellpadding=\"15\" width=\"300\">\n<tbody>\n<tr>\n<td>fallen<\/td>\n<td><em>oft\u0101de<\/em><\/td>\n<td align=\"right\">[tag resources pastparticiple_01]\u0627\u0641\u062a\u0627\u062f\u0647[\/tag]<\/td>\n<\/tr>\n<tr>\n<td>picked up<\/td>\n<td><em>bard\u0101\u0161te <\/em><\/td>\n<td align=\"right\">[tag resources pastparticiple_02]\u0628\u0631\u062f\u0627\u0634\u062a\u0647[\/tag]<\/td>\n<\/tr>\n<tr>\n<td>said<\/td>\n<td><em>gofte<\/em><\/td>\n<td align=\"right\">[tag resources pastparticiple_03]\u06af\u0641\u062a\u0647[\/tag]<\/td>\n<\/tr>\n<tr>\n<td>seen<\/td>\n<td><em>dide<\/em><\/td>\n<td align=\"right\">[tag resources pastparticiple_04]\u062f\u06cc\u062f\u0647[\/tag]<\/td>\n<\/tr>\n<tr>\n<td>eaten<\/td>\n<td><em>xorde <\/em><\/td>\n<td align=\"right\">[tag resources pastparticiple_05]\u062e\u0648\u0631\u062f\u0647[\/tag]<\/td>\n<\/tr>\n<tr>\n<td>lived<\/td>\n<td><em>zendegi <\/em><\/td>\n<td align=\"right\">[tag resources pastparticiple_06]\u0632\u0646\u062f\u06af\u06cc \u06a9\u0631\u062f\u0647[\/tag]<\/td>\n<\/tr>\n<tr>\n<td>gone<\/td>\n<td><em>rafte <\/em><\/td>\n<td align=\"right\">[tag resources pastparticiple_07]\u0631\u0641\u062a\u0647[\/tag]<\/td>\n<\/tr>\n<\/tbody>\n<\/table>\n<p><strong>Past Stem<\/strong><\/p>\n<h5>[tag resources pastparticiple_08]\u0627\u0641\u062a\u0627\u062f &#8211; [\/tag]<br \/>\n[tag resources pastparticiple_09]\u0628\u0631\u062f\u0627\u0634\u062a\u0640 -[\/tag]<br \/>\n[tag resources pastparticiple_10]\u06af\u0641\u062a\u0640 -[\/tag]<br \/>\n[tag resources pastparticiple_11]\u062f\u06cc\u062f -[\/tag]<br \/>\n[tag resources pastparticiple_12]\u062e\u0648\u0631\u062f -[\/tag]<br \/>\n[tag resources pastparticiple_13]\u0632\u0646\u062f\u06af\u06cc \u06a9\u0631\u062f &#8211; [\/tag]<br \/>\n[tag resources pastparticiple_14]\u0631\u0641\u062a -[\/tag]<\/h5>\n<p><strong>Infinitive<\/strong><\/p>\n<h5>[tag resources pastpart_01] \u0627\u0641\u062a\u0627\u062f\u0646 -[\/tag]<br \/>\n[tag resources pastpart_02]\u0628\u0631\u062f\u0627\u0634\u062a\u0640\u0646 -[\/tag]<br \/>\n[tag resources pastpart_03]\u06af\u0641\u062a\u0640\u0646 -[\/tag]<br \/>\n[tag resources pastpart_04]\u062f\u06cc\u062f\u0646 -[\/tag]<br \/>\n[tag resources pastpart_05]\u062e\u0648\u0631\u062f\u0646 &#8211; [\/tag]<br \/>\n[tag resources pastpart_06]\u0632\u0646\u062f\u06af\u06cc \u06a9\u0631\u062f\u0646 -[\/tag]<br \/>\n[tag resources pastpart_07]\u0631\u0641\u062a\u0646[\/tag]-<\/h5>\n<p>Numerous nouns and adjectives, as derivative of verbs, are constructed in this manner. Compare the following pairs:<\/p>\n<table class=\"border\" border=\"0\" cellpadding=\"15\" width=\"250\">\n<tbody>\n<tr>\n<td>to die<\/td>\n<td><em>mordan<\/em><\/td>\n<td align=\"right\">[tag resources pastparticiple_22]\u0645\u0631\u062f\u0646[\/tag]<\/td>\n<\/tr>\n<tr>\n<td>dead<\/td>\n<td><em>morde<\/em><\/td>\n<td align=\"right\">[tag resources pastparticiple_23]\u0645\u0631\u062f\u0647[\/tag]<\/td>\n<\/tr>\n<\/tbody>\n<\/table>\n<h5>[tag resources pastparticiple_24]\u0645\u0631\u062f \u0645\u0631\u062f\u0647[\/tag]<br \/>\n<em>mard-e morde<\/em>, adjective<br \/>\n\u201cA\/the dead man.\u201d<\/p>\n<p>[tag resources pastparticiple_25]\u0645\u0631\u062f\u0647 \u0631\u0627 \u0622\u0648\u0631\u062f\u0646\u062f[\/tag]<br \/>\nmorde r\u0101 \u0101vardand, n.<br \/>\n\u201cThey brought the dead\/the deceased.\u201d<\/h5>\n<table class=\"border\" border=\"0\" cellpadding=\"15\" width=\"250\">\n<tbody>\n<tr>\n<td>to pass<\/td>\n<td><em>goza\u0161tan<\/em><\/td>\n<td align=\"right\">[tag resources pastparticiple_26]\u06af\u0630\u0634\u062a\u0646[\/tag]<\/td>\n<\/tr>\n<tr>\n<td>passed, bygone<\/td>\n<td><em>goza\u0161te<\/em><\/td>\n<td align=\"right\">[tag resources pastparticiple_27]\u06af\u0630\u0634\u062a\u0647[\/tag]<\/td>\n<\/tr>\n<\/tbody>\n<\/table>\n<h5>[tag resources pastparticiple_28]\u0631\u0648\u0632\u06af\u0627\u0631 \u06af\u0630\u0634\u062a\u0647[\/tag]<br \/>\n<em>ruzg\u0101r-e goza\u0161te<\/em>, adjective<br \/>\n\u201cThe old days,\u201d literally, \u201cThe (by)gone times.\u201d<\/p>\n<p>[tag resources pastparticiple_29] !\u06af\u0630\u0634\u062a\u0647 \u0631\u0627 \u0641\u0631\u0627\u0645\u0648\u0634 \u06a9\u0646[\/tag]<br \/>\n<em>goza\u0161te r\u0101 far\u0101mu\u0161 kon!<\/em>, noun<br \/>\n\u201cForget the bygones\/past!\u201d<\/h5>\n","protected":false},"excerpt":{"rendered":"<p>In order to construct the present perfect, past perfect, or the present perfect continuous, we first need to learn to construct the past participle. In Persian, the past participle is constructed by the addition of an [-e] to the past stem of the verbs whether the verb is simple, complex, or compound: Past Participle fallen [&hellip;]<\/p>\n","protected":false},"author":289,"featured_media":0,"parent":46,"menu_order":5,"comment_status":"closed","ping_status":"closed","template":"","meta":{"footnotes":""},"class_list":["post-89","page","type-page","status-publish","hentry"],"_links":{"self":[{"href":"https:\/\/sites.la.utexas.edu\/persian_online_resources\/wp-json\/wp\/v2\/pages\/89","targetHints":{"allow":["GET"]}}],"collection":[{"href":"https:\/\/sites.la.utexas.edu\/persian_online_resources\/wp-json\/wp\/v2\/pages"}],"about":[{"href":"https:\/\/sites.la.utexas.edu\/persian_online_resources\/wp-json\/wp\/v2\/types\/page"}],"author":[{"embeddable":true,"href":"https:\/\/sites.la.utexas.edu\/persian_online_resources\/wp-json\/wp\/v2\/users\/289"}],"replies":[{"embeddable":true,"href":"https:\/\/sites.la.utexas.edu\/persian_online_resources\/wp-json\/wp\/v2\/comments?post=89"}],"version-history":[{"count":19,"href":"https:\/\/sites.la.utexas.edu\/persian_online_resources\/wp-json\/wp\/v2\/pages\/89\/revisions"}],"predecessor-version":[{"id":3357,"href":"https:\/\/sites.la.utexas.edu\/persian_online_resources\/wp-json\/wp\/v2\/pages\/89\/revisions\/3357"}],"up":[{"embeddable":true,"href":"https:\/\/sites.la.utexas.edu\/persian_online_resources\/wp-json\/wp\/v2\/pages\/46"}],"wp:attachment":[{"href":"https:\/\/sites.la.utexas.edu\/persian_online_resources\/wp-json\/wp\/v2\/media?parent=89"}],"curies":[{"name":"wp","href":"https:\/\/api.w.org\/{rel}","templated":true}]}}